{"id":11515,"date":"2024-02-12T19:25:05","date_gmt":"2024-02-13T00:25:05","guid":{"rendered":"https:\/\/campingaventuremegantic.com\/?page_id=11515"},"modified":"2024-02-12T22:06:37","modified_gmt":"2024-02-13T03:06:37","slug":"politique-accessibilite","status":"publish","type":"page","link":"https:\/\/campingaventuremegantic.com\/en\/politique-accessibilite\/","title":{"rendered":"Accessibility Policy"},"content":{"rendered":"<div data-elementor-type=\"wp-post\" data-elementor-id=\"11515\" class=\"elementor elementor-11515\" data-elementor-post-type=\"page\">\n\t\t\t\t<div data-particle_enable=\"false\" data-particle-mobile-disabled=\"false\" class=\"has_ae_slider elementor-element elementor-element-c95c4a4 e-con-full e-flex ae-bg-gallery-type-default e-con e-parent\" data-id=\"c95c4a4\" data-element_type=\"container\" data-settings=\"{&quot;background_background&quot;:&quot;classic&quot;,&quot;shape_divider_bottom&quot;:&quot;waves&quot;,&quot;shape_divider_bottom_negative&quot;:&quot;yes&quot;}\">\n\t\t\t\t<div class=\"elementor-shape elementor-shape-bottom\" aria-hidden=\"true\" data-negative=\"true\">\n\t\t\t<svg xmlns=\"http:\/\/www.w3.org\/2000\/svg\" viewbox=\"0 0 1000 100\" preserveaspectratio=\"none\">\n\t<path class=\"elementor-shape-fill\" d=\"M790.5,93.1c-59.3-5.3-116.8-18-192.6-50c-29.6-12.7-76.9-31-100.5-35.9c-23.6-4.9-52.6-7.8-75.5-5.3\tc-10.2,1.1-22.6,1.4-50.1,7.4c-27.2,6.3-58.2,16.6-79.4,24.7c-41.3,15.9-94.9,21.9-134,22.6C72,58.2,0,25.8,0,25.8V100h1000V65.3\tc0,0-51.5,19.4-106.2,25.7C839.5,97,814.1,95.2,790.5,93.1z\"\/>\n<\/svg>\t\t<\/div>\n\t\t\t\t<div class=\"elementor-element elementor-element-7a1a260 elementor-view-default elementor-widget elementor-widget-icon\" data-id=\"7a1a260\" data-element_type=\"widget\" data-widget_type=\"icon.default\">\n\t\t\t\t<div class=\"elementor-widget-container\">\n\t\t\t\t\t\t\t<div class=\"elementor-icon-wrapper\">\n\t\t\t<div class=\"elementor-icon\">\n\t\t\t<i aria-hidden=\"true\" class=\"fas fa-universal-access\"><\/i>\t\t\t<\/div>\n\t\t<\/div>\n\t\t\t\t\t\t<\/div>\n\t\t\t\t<\/div>\n\t\t\t\t<div class=\"elementor-element elementor-element-402486c premium-header-block premium-lq__none premium-box-lq__none elementor-widget elementor-widget-premium-addon-dual-header\" data-id=\"402486c\" data-element_type=\"widget\" data-widget_type=\"premium-addon-dual-header.default\">\n\t\t\t\t<div class=\"elementor-widget-container\">\n\t\t\t\t\t\n\t\t\t\t\t<h1 class=\"premium-dual-header-first-header\"><span class=\"premium-dual-header-first-span\">Web Accessibility Policy <\/span><span class=\"premium-dual-header-second-header\">from Camping Aventure M\u00e9gantic<\/span><\/h1> \t\t\n\t\t\t\t\t\t<\/div>\n\t\t\t\t<\/div>\n\t\t\t\t<\/div>\n\t\t<div data-particle_enable=\"false\" data-particle-mobile-disabled=\"false\" class=\"has_ae_slider elementor-element elementor-element-424a769 e-flex e-con-boxed ae-bg-gallery-type-default e-con e-parent\" data-id=\"424a769\" data-element_type=\"container\" data-settings=\"{&quot;background_background&quot;:&quot;classic&quot;}\">\n\t\t\t\t\t<div class=\"e-con-inner\">\n\t\t\t\t<div class=\"elementor-element elementor-element-7aa6c53 elementor-widget elementor-widget-text-editor\" data-id=\"7aa6c53\" data-element_type=\"widget\" data-widget_type=\"text-editor.default\">\n\t\t\t\t<div class=\"elementor-widget-container\">\n\t\t\t\t\t\t\t\t\tCamping Aventure M\u00e9gantic is committed to making its website accessible to all its visitors, including people with disabilities, by complying with level A of the Web Content Accessibility Guidelines (WCAG) 2.1. We aim to provide an inclusive website that allows all users to access the information and services offered.\t\t\t\t\t\t\t\t<\/div>\n\t\t\t\t<\/div>\n\t\t\t\t<div class=\"elementor-element elementor-element-e885088 elementor-widget elementor-widget-text-editor\" data-id=\"e885088\" data-element_type=\"widget\" data-widget_type=\"text-editor.default\">\n\t\t\t\t<div class=\"elementor-widget-container\">\n\t\t\t\t\t\t\t\t\t<h2>Commitment<\/h2><p>We will implement inclusive design and development practices to ensure that our website is usable by as many people as possible, including people with various disabilities.<\/p><h2>Strategy<\/h2><h3>Regular assessment<\/h3><p>We will conduct regular assessments of our website to identify and correct potential accessibility barriers.<\/p><h3>Training<\/h3><p>Our team will receive ongoing web accessibility training to ensure our site remains compliant with WCAG Level A standards.<\/p><h3>Assistive Technologies<\/h3><p>We will test our website with various assistive technologies to ensure maximum compatibility.<\/p><h3>Back<\/h3><p>We encourage feedback from our users on the accessibility of our website and are committed to making improvements based on this feedback.<\/p><h2>Need help?<\/h2><p>If you have any questions or comments regarding the accessibility of our website, do not hesitate to contact us. We are dedicated to continually improving the accessibility of our site to ensure that all people can benefit from our online services.<\/p><p><a href=\"mailto:info@campingaventuremegantic.com\">info@campingaventuremegantic.com<\/a><\/p><p>For more information or support, do not hesitate to call us at the following number: 1-819 554-6466.<\/p>\t\t\t\t\t\t\t\t<\/div>\n\t\t\t\t<\/div>\n\t\t\t\t\t<\/div>\n\t\t\t\t<\/div>\n\t\t\t\t<\/div>","protected":false},"excerpt":{"rendered":"Camping Aventure M\u00e9gantic web accessibility policy Camping Aventure M\u00e9gantic is committed to making its website accessible to all its visitors, including people with disabilities, by complying with level A of the Rules for the accessibility of web content ( WCAG) 2.1. We aim to provide an inclusive website that allows everyone\u2026 <a class=\"view-article\" href=\"https:\/\/campingaventuremegantic.com\/en\/politique-accessibilite\/\">View Article<\/a>","protected":false},"author":1,"featured_media":0,"parent":0,"menu_order":0,"comment_status":"closed","ping_status":"closed","template":"","meta":{"_acf_changed":false,"footnotes":""},"class_list":["post-11515","page","type-page","status-publish","hentry"],"acf":[],"yoast_head":"<!-- This site is optimized with the Yoast SEO plugin v27.5 - https:\/\/yoast.com\/product\/yoast-seo-wordpress\/ -->\n<title>Camping Aventure M\u00e9gantic - Politique d&#039;accessibilit\u00e9<\/title>\n<meta name=\"robots\" content=\"index, follow, max-snippet:-1, max-image-preview:large, max-video-preview:-1\" \/>\n<link rel=\"canonical\" href=\"https:\/\/campingaventuremegantic.com\/en\/politique-accessibilite\/\" \/>\n<meta property=\"og:locale\" content=\"en_US\" \/>\n<meta property=\"og:type\" content=\"article\" \/>\n<meta property=\"og:title\" content=\"Camping Aventure M\u00e9gantic - Politique d&#039;accessibilit\u00e9\" \/>\n<meta property=\"og:description\" content=\"Politique d&#8217;accessibilit\u00e9 web du Camping Aventure M\u00e9gantic Camping Aventure M\u00e9gantic s&#8217;engage \u00e0 rendre son site web accessible \u00e0 tous ses visiteurs, y compris les personnes ayant des handicaps, en se conformant au niveau A des R\u00e8gles pour l&#8217;accessibilit\u00e9 des contenus Web (WCAG) 2.1. Nous visons \u00e0 fournir un site web inclusif qui permet \u00e0 tous... View Article\" \/>\n<meta property=\"og:url\" content=\"https:\/\/campingaventuremegantic.com\/en\/politique-accessibilite\/\" \/>\n<meta property=\"og:site_name\" content=\"Camping Aventure M\u00e9gantic\" \/>\n<meta property=\"article:publisher\" content=\"https:\/\/www.facebook.com\/campaventuremegantic\/\" \/>\n<meta property=\"article:modified_time\" content=\"2024-02-13T03:06:37+00:00\" \/>\n<meta property=\"og:image\" content=\"https:\/\/campingaventuremegantic.com\/wp-content\/uploads\/2018\/11\/logo.png\" \/>\n\t<meta property=\"og:image:width\" content=\"579\" \/>\n\t<meta property=\"og:image:height\" content=\"193\" \/>\n\t<meta property=\"og:image:type\" content=\"image\/png\" \/>\n<meta name=\"twitter:card\" content=\"summary_large_image\" \/>\n<meta name=\"twitter:label1\" content=\"Est. reading time\" \/>\n\t<meta name=\"twitter:data1\" content=\"2 minutes\" \/>\n<script type=\"application\/ld+json\" class=\"yoast-schema-graph\">{\"@context\":\"https:\\\/\\\/schema.org\",\"@graph\":[{\"@type\":\"WebPage\",\"@id\":\"https:\\\/\\\/campingaventuremegantic.com\\\/politique-accessibilite\\\/\",\"url\":\"https:\\\/\\\/campingaventuremegantic.com\\\/politique-accessibilite\\\/\",\"name\":\"Camping Aventure M\u00e9gantic - Politique d'accessibilit\u00e9\",\"isPartOf\":{\"@id\":\"https:\\\/\\\/campingaventuremegantic.com\\\/#website\"},\"datePublished\":\"2024-02-13T00:25:05+00:00\",\"dateModified\":\"2024-02-13T03:06:37+00:00\",\"breadcrumb\":{\"@id\":\"https:\\\/\\\/campingaventuremegantic.com\\\/politique-accessibilite\\\/#breadcrumb\"},\"inLanguage\":\"en-CA\",\"potentialAction\":[{\"@type\":\"ReadAction\",\"target\":[\"https:\\\/\\\/campingaventuremegantic.com\\\/politique-accessibilite\\\/\"]}]},{\"@type\":\"BreadcrumbList\",\"@id\":\"https:\\\/\\\/campingaventuremegantic.com\\\/politique-accessibilite\\\/#breadcrumb\",\"itemListElement\":[{\"@type\":\"ListItem\",\"position\":1,\"name\":\"Accueil\",\"item\":\"https:\\\/\\\/campingaventuremegantic.com\\\/\"},{\"@type\":\"ListItem\",\"position\":2,\"name\":\"Politique d&#8217;accessibilit\u00e9\"}]},{\"@type\":\"WebSite\",\"@id\":\"https:\\\/\\\/campingaventuremegantic.com\\\/#website\",\"url\":\"https:\\\/\\\/campingaventuremegantic.com\\\/\",\"name\":\"Camping Aventure M\u00e9gantic\",\"description\":\"Vivez l&#039;aventure!\",\"publisher\":{\"@id\":\"https:\\\/\\\/campingaventuremegantic.com\\\/#organization\"},\"potentialAction\":[{\"@type\":\"SearchAction\",\"target\":{\"@type\":\"EntryPoint\",\"urlTemplate\":\"https:\\\/\\\/campingaventuremegantic.com\\\/?s={search_term_string}\"},\"query-input\":{\"@type\":\"PropertyValueSpecification\",\"valueRequired\":true,\"valueName\":\"search_term_string\"}}],\"inLanguage\":\"en-CA\"},{\"@type\":\"Organization\",\"@id\":\"https:\\\/\\\/campingaventuremegantic.com\\\/#organization\",\"name\":\"Camping Aventure M\u00e9gantic\",\"url\":\"https:\\\/\\\/campingaventuremegantic.com\\\/\",\"logo\":{\"@type\":\"ImageObject\",\"inLanguage\":\"en-CA\",\"@id\":\"https:\\\/\\\/campingaventuremegantic.com\\\/#\\\/schema\\\/logo\\\/image\\\/\",\"url\":\"https:\\\/\\\/campingaventuremegantic.com\\\/wp-content\\\/uploads\\\/2020\\\/11\\\/Untitled.svg\",\"contentUrl\":\"https:\\\/\\\/campingaventuremegantic.com\\\/wp-content\\\/uploads\\\/2020\\\/11\\\/Untitled.svg\",\"width\":100,\"height\":100,\"caption\":\"Camping Aventure M\u00e9gantic\"},\"image\":{\"@id\":\"https:\\\/\\\/campingaventuremegantic.com\\\/#\\\/schema\\\/logo\\\/image\\\/\"},\"sameAs\":[\"https:\\\/\\\/www.facebook.com\\\/campaventuremegantic\\\/\",\"https:\\\/\\\/www.instagram.com\\\/campingaventuremegantic\\\/\"]}]}<\/script>\n<!-- \/ Yoast SEO plugin. -->","yoast_head_json":{"title":"Camping Aventure M\u00e9gantic - Politique d'accessibilit\u00e9","robots":{"index":"index","follow":"follow","max-snippet":"max-snippet:-1","max-image-preview":"max-image-preview:large","max-video-preview":"max-video-preview:-1"},"canonical":"https:\/\/campingaventuremegantic.com\/en\/politique-accessibilite\/","og_locale":"en_US","og_type":"article","og_title":"Camping Aventure M\u00e9gantic - Politique d'accessibilit\u00e9","og_description":"Politique d&#8217;accessibilit\u00e9 web du Camping Aventure M\u00e9gantic Camping Aventure M\u00e9gantic s&#8217;engage \u00e0 rendre son site web accessible \u00e0 tous ses visiteurs, y compris les personnes ayant des handicaps, en se conformant au niveau A des R\u00e8gles pour l&#8217;accessibilit\u00e9 des contenus Web (WCAG) 2.1. Nous visons \u00e0 fournir un site web inclusif qui permet \u00e0 tous... View Article","og_url":"https:\/\/campingaventuremegantic.com\/en\/politique-accessibilite\/","og_site_name":"Camping Aventure M\u00e9gantic","article_publisher":"https:\/\/www.facebook.com\/campaventuremegantic\/","article_modified_time":"2024-02-13T03:06:37+00:00","og_image":[{"width":579,"height":193,"url":"https:\/\/campingaventuremegantic.com\/wp-content\/uploads\/2018\/11\/logo.png","type":"image\/png"}],"twitter_card":"summary_large_image","twitter_misc":{"Est. reading time":"2 minutes"},"schema":{"@context":"https:\/\/schema.org","@graph":[{"@type":"WebPage","@id":"https:\/\/campingaventuremegantic.com\/politique-accessibilite\/","url":"https:\/\/campingaventuremegantic.com\/politique-accessibilite\/","name":"Camping Aventure M\u00e9gantic - Politique d'accessibilit\u00e9","isPartOf":{"@id":"https:\/\/campingaventuremegantic.com\/#website"},"datePublished":"2024-02-13T00:25:05+00:00","dateModified":"2024-02-13T03:06:37+00:00","breadcrumb":{"@id":"https:\/\/campingaventuremegantic.com\/politique-accessibilite\/#breadcrumb"},"inLanguage":"en-CA","potentialAction":[{"@type":"ReadAction","target":["https:\/\/campingaventuremegantic.com\/politique-accessibilite\/"]}]},{"@type":"BreadcrumbList","@id":"https:\/\/campingaventuremegantic.com\/politique-accessibilite\/#breadcrumb","itemListElement":[{"@type":"ListItem","position":1,"name":"Accueil","item":"https:\/\/campingaventuremegantic.com\/"},{"@type":"ListItem","position":2,"name":"Politique d&#8217;accessibilit\u00e9"}]},{"@type":"WebSite","@id":"https:\/\/campingaventuremegantic.com\/#website","url":"https:\/\/campingaventuremegantic.com\/","name":"Camping Adventure Megantic","description":"Live the adventure!","publisher":{"@id":"https:\/\/campingaventuremegantic.com\/#organization"},"potentialAction":[{"@type":"SearchAction","target":{"@type":"EntryPoint","urlTemplate":"https:\/\/campingaventuremegantic.com\/?s={search_term_string}"},"query-input":{"@type":"PropertyValueSpecification","valueRequired":true,"valueName":"search_term_string"}}],"inLanguage":"en-CA"},{"@type":"Organization","@id":"https:\/\/campingaventuremegantic.com\/#organization","name":"Camping Adventure Megantic","url":"https:\/\/campingaventuremegantic.com\/","logo":{"@type":"ImageObject","inLanguage":"en-CA","@id":"https:\/\/campingaventuremegantic.com\/#\/schema\/logo\/image\/","url":"https:\/\/campingaventuremegantic.com\/wp-content\/uploads\/2020\/11\/Untitled.svg","contentUrl":"https:\/\/campingaventuremegantic.com\/wp-content\/uploads\/2020\/11\/Untitled.svg","width":100,"height":100,"caption":"Camping Aventure M\u00e9gantic"},"image":{"@id":"https:\/\/campingaventuremegantic.com\/#\/schema\/logo\/image\/"},"sameAs":["https:\/\/www.facebook.com\/campaventuremegantic\/","https:\/\/www.instagram.com\/campingaventuremegantic\/"]}]}},"_links":{"self":[{"href":"https:\/\/campingaventuremegantic.com\/en\/wp-json\/wp\/v2\/pages\/11515","targetHints":{"allow":["GET"]}}],"collection":[{"href":"https:\/\/campingaventuremegantic.com\/en\/wp-json\/wp\/v2\/pages"}],"about":[{"href":"https:\/\/campingaventuremegantic.com\/en\/wp-json\/wp\/v2\/types\/page"}],"author":[{"embeddable":true,"href":"https:\/\/campingaventuremegantic.com\/en\/wp-json\/wp\/v2\/users\/1"}],"replies":[{"embeddable":true,"href":"https:\/\/campingaventuremegantic.com\/en\/wp-json\/wp\/v2\/comments?post=11515"}],"version-history":[{"count":0,"href":"https:\/\/campingaventuremegantic.com\/en\/wp-json\/wp\/v2\/pages\/11515\/revisions"}],"wp:attachment":[{"href":"https:\/\/campingaventuremegantic.com\/en\/wp-json\/wp\/v2\/media?parent=11515"}],"curies":[{"name":"wp","href":"https:\/\/api.w.org\/{rel}","templated":true}]}}