{"id":11808,"date":"2024-02-17T14:39:29","date_gmt":"2024-02-17T19:39:29","guid":{"rendered":"https:\/\/campingaventuremegantic.com\/?page_id=11808"},"modified":"2025-02-13T14:11:52","modified_gmt":"2025-02-13T19:11:52","slug":"bornes-de-recharge","status":"publish","type":"page","link":"https:\/\/campingaventuremegantic.com\/en\/saviez-vous\/bornes-de-recharge\/","title":{"rendered":"Charging stations"},"content":{"rendered":"<div data-elementor-type=\"wp-page\" data-elementor-id=\"11808\" class=\"elementor elementor-11808\" data-elementor-post-type=\"page\">\n\t\t\t\t<div data-particle_enable=\"false\" data-particle-mobile-disabled=\"false\" class=\"has_ae_slider elementor-element elementor-element-965defb e-con-full e-flex ae-bg-gallery-type-default e-con e-parent\" data-id=\"965defb\" data-element_type=\"container\" data-settings=\"{&quot;background_background&quot;:&quot;classic&quot;}\">\n\t\t\t\t<div class=\"elementor-element elementor-element-4226b01e elementor-widget__width-initial elementor-widget elementor-widget-heading\" data-id=\"4226b01e\" data-element_type=\"widget\" data-widget_type=\"heading.default\">\n\t\t\t\t<div class=\"elementor-widget-container\">\n\t\t\t\t\t<h2 class=\"elementor-heading-title elementor-size-default\">Replacement terminals<\/h2>\t\t\t\t<\/div>\n\t\t\t\t<\/div>\n\t\t\t\t<\/div>\n\t\t<main data-particle_enable=\"false\" data-particle-mobile-disabled=\"false\" class=\"has_ae_slider elementor-element elementor-element-5e91054 e-flex e-con-boxed ae-bg-gallery-type-default e-con e-parent\" data-id=\"5e91054\" data-element_type=\"container\">\n\t\t\t\t\t<div class=\"e-con-inner\">\n\t\t<div data-particle_enable=\"false\" data-particle-mobile-disabled=\"false\" class=\"has_ae_slider elementor-element elementor-element-a0f39d6 e-con-full e-flex ae-bg-gallery-type-default e-con e-child\" data-id=\"a0f39d6\" data-element_type=\"container\">\n\t\t\t\t<div class=\"elementor-element elementor-element-2df67af elementor-widget elementor-widget-text-editor\" data-id=\"2df67af\" data-element_type=\"widget\" data-widget_type=\"text-editor.default\">\n\t\t\t\t<div class=\"elementor-widget-container\">\n\t\t\t\t\t\t\t\t\tWe have 2 level 2 charging stations available to you near our community building.\t\t\t\t\t\t\t\t<\/div>\n\t\t\t\t<\/div>\n\t\t\t\t<div class=\"elementor-element elementor-element-d064809 elementor-widget elementor-widget-text-editor\" data-id=\"d064809\" data-element_type=\"widget\" data-widget_type=\"text-editor.default\">\n\t\t\t\t<div class=\"elementor-widget-container\">\n\t\t\t\t\t\t\t\t\tThe price is 1.50 $\/h.\t\t\t\t\t\t\t\t<\/div>\n\t\t\t\t<\/div>\n\t\t\t\t<div class=\"elementor-element elementor-element-ce7cb9f elementor-widget elementor-widget-text-editor\" data-id=\"ce7cb9f\" data-element_type=\"widget\" data-widget_type=\"text-editor.default\">\n\t\t\t\t<div class=\"elementor-widget-container\">\n\t\t\t\t\t\t\t\t\t<h2>How to do?<\/h2>\n<strong>To charge your vehicle, follow these simple steps:<\/strong>\n<ol>\n \t<li><a target=\"_blank\" class=\"link-external\" href=\"https:\/\/evdutystore.elmec.ca\/pages\/technical-specification-mobile-app\"><strong>Install the EVDuty app<\/strong><\/a> on your smartphone, open an account and enter a payment method.<\/li>\n \t<li><strong>Let us know<\/strong> that you wish to recharge your vehicle at reception by contacting us directly by telephone on <a href=\"tel:1-819-554-6466\">1-819-554-6466<\/a><\/li>\n \t<li><strong>Accept our invitation<\/strong> sent by SMS to start charging at one of our terminals, and relax while your vehicle recharges.<\/li>\n<\/ol>\t\t\t\t\t\t\t\t<\/div>\n\t\t\t\t<\/div>\n\t\t<div data-particle_enable=\"false\" data-particle-mobile-disabled=\"false\" class=\"has_ae_slider elementor-element elementor-element-48e4d8e e-flex e-con-boxed ae-bg-gallery-type-default e-con e-child\" data-id=\"48e4d8e\" data-element_type=\"container\" data-settings=\"{&quot;background_background&quot;:&quot;classic&quot;}\">\n\t\t\t\t\t<div class=\"e-con-inner\">\n\t\t\t\t<div class=\"elementor-element elementor-element-8b03a12 elementor-widget elementor-widget-text-editor\" data-id=\"8b03a12\" data-element_type=\"widget\" data-widget_type=\"text-editor.default\">\n\t\t\t\t<div class=\"elementor-widget-container\">\n\t\t\t\t\t\t\t\t\t<h2>From home to the campsite, without carbon footprint<\/h2><p>When booking at the campsite, opt for a lower-cost carbon offset to neutralize the greenhouse gas (GHG) emissions generated by your trip. By choosing this option, you will help mitigate your impact on global warming, by fully or partially offsetting the emissions due to your travel.<\/p><p>The funds collected will be donated to the organization <a class=\"link-external\" href=\"https:\/\/www.compensationco2.ca\/\" target=\"_blank\" rel=\"noopener\">CO2 compensation Quebec<\/a>, a Quebec company offering a tree planting program in partnership with private forest owners or with <a class=\"link-external\" href=\"https:\/\/afca.coop\/\" target=\"_blank\" rel=\"noopener\">Appalachian Cooperative Forest Management<\/a>.<\/p>\t\t\t\t\t\t\t\t<\/div>\n\t\t\t\t<\/div>\n\t\t\t\t\t<\/div>\n\t\t\t\t<\/div>\n\t\t\t\t<\/div>\n\t\t<div data-particle_enable=\"false\" data-particle-mobile-disabled=\"false\" class=\"has_ae_slider elementor-element elementor-element-7eeaafa e-con-full e-flex ae-bg-gallery-type-default e-con e-child\" data-id=\"7eeaafa\" data-element_type=\"container\">\n\t\t\t\t<div class=\"elementor-element elementor-element-9560dd8 elementor-widget elementor-widget-image\" data-id=\"9560dd8\" data-element_type=\"widget\" data-widget_type=\"image.default\">\n\t\t\t\t<div class=\"elementor-widget-container\">\n\t\t\t\t\t\t\t\t\t\t\t\t\t\t\t<img fetchpriority=\"high\" decoding=\"async\" width=\"700\" height=\"700\" src=\"https:\/\/campingaventuremegantic.com\/wp-content\/uploads\/2024\/02\/borne-700x700.png\" class=\"attachment-large size-large wp-image-11864\" alt=\"\" srcset=\"https:\/\/campingaventuremegantic.com\/wp-content\/uploads\/2024\/02\/borne-700x700.png 700w, https:\/\/campingaventuremegantic.com\/wp-content\/uploads\/2024\/02\/borne-250x250.png 250w, https:\/\/campingaventuremegantic.com\/wp-content\/uploads\/2024\/02\/borne-150x150.png 150w, https:\/\/campingaventuremegantic.com\/wp-content\/uploads\/2024\/02\/borne-768x768.png 768w, https:\/\/campingaventuremegantic.com\/wp-content\/uploads\/2024\/02\/borne-12x12.png 12w, https:\/\/campingaventuremegantic.com\/wp-content\/uploads\/2024\/02\/borne-120x120.png 120w, https:\/\/campingaventuremegantic.com\/wp-content\/uploads\/2024\/02\/borne.png 1080w\" sizes=\"(max-width: 700px) 100vw, 700px\" \/>\t\t\t\t\t\t\t\t\t\t\t\t\t\t\t<\/div>\n\t\t\t\t<\/div>\n\t\t\t\t<div class=\"elementor-element elementor-element-981c4a7 elementor-widget elementor-widget-image\" data-id=\"981c4a7\" data-element_type=\"widget\" data-widget_type=\"image.default\">\n\t\t\t\t<div class=\"elementor-widget-container\">\n\t\t\t\t\t\t\t\t\t\t\t\t\t\t\t<img decoding=\"async\" width=\"700\" height=\"394\" src=\"https:\/\/campingaventuremegantic.com\/wp-content\/uploads\/2022\/11\/Bornes-recharges-Camping-Aventure-Megantic-700x394.jpg\" class=\"attachment-large size-large wp-image-7979\" alt=\"Borne recharge du Camping Aventure M\u00e9gantic\" srcset=\"https:\/\/campingaventuremegantic.com\/wp-content\/uploads\/2022\/11\/Bornes-recharges-Camping-Aventure-Megantic-700x394.jpg 700w, https:\/\/campingaventuremegantic.com\/wp-content\/uploads\/2022\/11\/Bornes-recharges-Camping-Aventure-Megantic-250x141.jpg 250w, https:\/\/campingaventuremegantic.com\/wp-content\/uploads\/2022\/11\/Bornes-recharges-Camping-Aventure-Megantic-768x432.jpg 768w, https:\/\/campingaventuremegantic.com\/wp-content\/uploads\/2022\/11\/Bornes-recharges-Camping-Aventure-Megantic-1536x864.jpg 1536w, https:\/\/campingaventuremegantic.com\/wp-content\/uploads\/2022\/11\/Bornes-recharges-Camping-Aventure-Megantic-scaled.jpg 2048w, https:\/\/campingaventuremegantic.com\/wp-content\/uploads\/2022\/11\/Bornes-recharges-Camping-Aventure-Megantic-18x10.jpg 18w, https:\/\/campingaventuremegantic.com\/wp-content\/uploads\/2022\/11\/Bornes-recharges-Camping-Aventure-Megantic-120x67.jpg 120w\" sizes=\"(max-width: 700px) 100vw, 700px\" \/>\t\t\t\t\t\t\t\t\t\t\t\t\t\t\t<\/div>\n\t\t\t\t<\/div>\n\t\t\t\t<\/div>\n\t\t\t\t\t<\/div>\n\t\t\t\t<\/main>\n\t\t\t\t<\/div>","protected":false},"excerpt":{"rendered":"Replacement stations We have 2 level 2 charging stations at your disposal near our community building. The rate is 1.50 $\/h. How to do? To charge your vehicle, follow these simple steps: Install the EVDuty app on your smartphone, open an account and register a payment method. Let us know\u2026 <a class=\"view-article\" href=\"https:\/\/campingaventuremegantic.com\/en\/saviez-vous\/bornes-de-recharge\/\">View Article<\/a>","protected":false},"author":1,"featured_media":0,"parent":14887,"menu_order":0,"comment_status":"closed","ping_status":"closed","template":"","meta":{"_acf_changed":false,"footnotes":""},"class_list":["post-11808","page","type-page","status-publish","hentry"],"acf":[],"yoast_head":"<!-- This site is optimized with the Yoast SEO plugin v27.5 - https:\/\/yoast.com\/product\/yoast-seo-wordpress\/ -->\n<title>Bornes de recharges - Camping Aventure M\u00e9gantic<\/title>\n<meta name=\"description\" content=\"En voiture \u00e9lectrique? Au Camping Aventure M\u00e9gantic, rechargez sans souci avec nos 2 bornes de niveau 2 de 30 amps \u00e0 1,50$\/h. Profitez de M\u00e9gantic l&#039;esprit serein, \u00e0 l&#039;arriv\u00e9e ou au d\u00e9part.\" \/>\n<meta name=\"robots\" content=\"index, follow, max-snippet:-1, max-image-preview:large, max-video-preview:-1\" \/>\n<link rel=\"canonical\" href=\"https:\/\/campingaventuremegantic.com\/en\/saviez-vous\/bornes-de-recharge\/\" \/>\n<meta property=\"og:locale\" content=\"en_US\" \/>\n<meta property=\"og:type\" content=\"article\" \/>\n<meta property=\"og:title\" content=\"Deux (2) bornes de recharge disponibles chez nous.\" \/>\n<meta property=\"og:description\" content=\"Rechargez sans souci avec nos 2 bornes de niveau 2 de 30 amps \u00e0 1,50$\/h. Profitez de M\u00e9gantic l&#039;esprit serein, \u00e0 l&#039;arriv\u00e9e ou au d\u00e9part.\" \/>\n<meta property=\"og:url\" content=\"https:\/\/campingaventuremegantic.com\/en\/saviez-vous\/bornes-de-recharge\/\" \/>\n<meta property=\"og:site_name\" content=\"Camping Aventure M\u00e9gantic\" \/>\n<meta property=\"article:publisher\" content=\"https:\/\/www.facebook.com\/campaventuremegantic\/\" \/>\n<meta property=\"article:modified_time\" content=\"2025-02-13T19:11:52+00:00\" \/>\n<meta property=\"og:image\" content=\"https:\/\/campingaventuremegantic.com\/wp-content\/uploads\/2024\/02\/Untitled-21.png\" \/>\n\t<meta property=\"og:image:width\" content=\"1200\" \/>\n\t<meta property=\"og:image:height\" content=\"630\" \/>\n\t<meta property=\"og:image:type\" content=\"image\/png\" \/>\n<meta name=\"twitter:card\" content=\"summary_large_image\" \/>\n<meta name=\"twitter:label1\" content=\"Est. reading time\" \/>\n\t<meta name=\"twitter:data1\" content=\"2 minutes\" \/>\n<script type=\"application\/ld+json\" class=\"yoast-schema-graph\">{\"@context\":\"https:\\\/\\\/schema.org\",\"@graph\":[{\"@type\":\"WebPage\",\"@id\":\"https:\\\/\\\/campingaventuremegantic.com\\\/saviez-vous\\\/bornes-de-recharge\\\/\",\"url\":\"https:\\\/\\\/campingaventuremegantic.com\\\/saviez-vous\\\/bornes-de-recharge\\\/\",\"name\":\"Bornes de recharges - Camping Aventure M\u00e9gantic\",\"isPartOf\":{\"@id\":\"https:\\\/\\\/campingaventuremegantic.com\\\/#website\"},\"primaryImageOfPage\":{\"@id\":\"https:\\\/\\\/campingaventuremegantic.com\\\/saviez-vous\\\/bornes-de-recharge\\\/#primaryimage\"},\"image\":{\"@id\":\"https:\\\/\\\/campingaventuremegantic.com\\\/saviez-vous\\\/bornes-de-recharge\\\/#primaryimage\"},\"thumbnailUrl\":\"https:\\\/\\\/campingaventuremegantic.com\\\/wp-content\\\/uploads\\\/2024\\\/02\\\/borne-700x700.png\",\"datePublished\":\"2024-02-17T19:39:29+00:00\",\"dateModified\":\"2025-02-13T19:11:52+00:00\",\"description\":\"En voiture \u00e9lectrique? Au Camping Aventure M\u00e9gantic, rechargez sans souci avec nos 2 bornes de niveau 2 de 30 amps \u00e0 1,50$\\\/h. Profitez de M\u00e9gantic l'esprit serein, \u00e0 l'arriv\u00e9e ou au d\u00e9part.\",\"breadcrumb\":{\"@id\":\"https:\\\/\\\/campingaventuremegantic.com\\\/saviez-vous\\\/bornes-de-recharge\\\/#breadcrumb\"},\"inLanguage\":\"en-CA\",\"potentialAction\":[{\"@type\":\"ReadAction\",\"target\":[\"https:\\\/\\\/campingaventuremegantic.com\\\/saviez-vous\\\/bornes-de-recharge\\\/\"]}]},{\"@type\":\"ImageObject\",\"inLanguage\":\"en-CA\",\"@id\":\"https:\\\/\\\/campingaventuremegantic.com\\\/saviez-vous\\\/bornes-de-recharge\\\/#primaryimage\",\"url\":\"https:\\\/\\\/campingaventuremegantic.com\\\/wp-content\\\/uploads\\\/2024\\\/02\\\/borne-700x700.png\",\"contentUrl\":\"https:\\\/\\\/campingaventuremegantic.com\\\/wp-content\\\/uploads\\\/2024\\\/02\\\/borne-700x700.png\"},{\"@type\":\"BreadcrumbList\",\"@id\":\"https:\\\/\\\/campingaventuremegantic.com\\\/saviez-vous\\\/bornes-de-recharge\\\/#breadcrumb\",\"itemListElement\":[{\"@type\":\"ListItem\",\"position\":1,\"name\":\"Accueil\",\"item\":\"https:\\\/\\\/campingaventuremegantic.com\\\/\"},{\"@type\":\"ListItem\",\"position\":2,\"name\":\"Saviez-vous?\",\"item\":\"https:\\\/\\\/campingaventuremegantic.com\\\/saviez-vous\\\/\"},{\"@type\":\"ListItem\",\"position\":3,\"name\":\"Bornes de recharges\"}]},{\"@type\":\"WebSite\",\"@id\":\"https:\\\/\\\/campingaventuremegantic.com\\\/#website\",\"url\":\"https:\\\/\\\/campingaventuremegantic.com\\\/\",\"name\":\"Camping Aventure M\u00e9gantic\",\"description\":\"Vivez l&#039;aventure!\",\"publisher\":{\"@id\":\"https:\\\/\\\/campingaventuremegantic.com\\\/#organization\"},\"potentialAction\":[{\"@type\":\"SearchAction\",\"target\":{\"@type\":\"EntryPoint\",\"urlTemplate\":\"https:\\\/\\\/campingaventuremegantic.com\\\/?s={search_term_string}\"},\"query-input\":{\"@type\":\"PropertyValueSpecification\",\"valueRequired\":true,\"valueName\":\"search_term_string\"}}],\"inLanguage\":\"en-CA\"},{\"@type\":\"Organization\",\"@id\":\"https:\\\/\\\/campingaventuremegantic.com\\\/#organization\",\"name\":\"Camping Aventure M\u00e9gantic\",\"url\":\"https:\\\/\\\/campingaventuremegantic.com\\\/\",\"logo\":{\"@type\":\"ImageObject\",\"inLanguage\":\"en-CA\",\"@id\":\"https:\\\/\\\/campingaventuremegantic.com\\\/#\\\/schema\\\/logo\\\/image\\\/\",\"url\":\"https:\\\/\\\/campingaventuremegantic.com\\\/wp-content\\\/uploads\\\/2020\\\/11\\\/Untitled.svg\",\"contentUrl\":\"https:\\\/\\\/campingaventuremegantic.com\\\/wp-content\\\/uploads\\\/2020\\\/11\\\/Untitled.svg\",\"width\":100,\"height\":100,\"caption\":\"Camping Aventure M\u00e9gantic\"},\"image\":{\"@id\":\"https:\\\/\\\/campingaventuremegantic.com\\\/#\\\/schema\\\/logo\\\/image\\\/\"},\"sameAs\":[\"https:\\\/\\\/www.facebook.com\\\/campaventuremegantic\\\/\",\"https:\\\/\\\/www.instagram.com\\\/campingaventuremegantic\\\/\"]}]}<\/script>\n<!-- \/ Yoast SEO plugin. -->","yoast_head_json":{"title":"Bornes de recharges - Camping Aventure M\u00e9gantic","description":"En voiture \u00e9lectrique? Au Camping Aventure M\u00e9gantic, rechargez sans souci avec nos 2 bornes de niveau 2 de 30 amps \u00e0 1,50$\/h. Profitez de M\u00e9gantic l'esprit serein, \u00e0 l'arriv\u00e9e ou au d\u00e9part.","robots":{"index":"index","follow":"follow","max-snippet":"max-snippet:-1","max-image-preview":"max-image-preview:large","max-video-preview":"max-video-preview:-1"},"canonical":"https:\/\/campingaventuremegantic.com\/en\/saviez-vous\/bornes-de-recharge\/","og_locale":"en_US","og_type":"article","og_title":"Deux (2) bornes de recharge disponibles chez nous.","og_description":"Rechargez sans souci avec nos 2 bornes de niveau 2 de 30 amps \u00e0 1,50$\/h. Profitez de M\u00e9gantic l'esprit serein, \u00e0 l'arriv\u00e9e ou au d\u00e9part.","og_url":"https:\/\/campingaventuremegantic.com\/en\/saviez-vous\/bornes-de-recharge\/","og_site_name":"Camping Aventure M\u00e9gantic","article_publisher":"https:\/\/www.facebook.com\/campaventuremegantic\/","article_modified_time":"2025-02-13T19:11:52+00:00","og_image":[{"width":1200,"height":630,"url":"https:\/\/campingaventuremegantic.com\/wp-content\/uploads\/2024\/02\/Untitled-21.png","type":"image\/png"}],"twitter_card":"summary_large_image","twitter_misc":{"Est. reading time":"2 minutes"},"schema":{"@context":"https:\/\/schema.org","@graph":[{"@type":"WebPage","@id":"https:\/\/campingaventuremegantic.com\/saviez-vous\/bornes-de-recharge\/","url":"https:\/\/campingaventuremegantic.com\/saviez-vous\/bornes-de-recharge\/","name":"Bornes de recharges - Camping Aventure M\u00e9gantic","isPartOf":{"@id":"https:\/\/campingaventuremegantic.com\/#website"},"primaryImageOfPage":{"@id":"https:\/\/campingaventuremegantic.com\/saviez-vous\/bornes-de-recharge\/#primaryimage"},"image":{"@id":"https:\/\/campingaventuremegantic.com\/saviez-vous\/bornes-de-recharge\/#primaryimage"},"thumbnailUrl":"https:\/\/campingaventuremegantic.com\/wp-content\/uploads\/2024\/02\/borne-700x700.png","datePublished":"2024-02-17T19:39:29+00:00","dateModified":"2025-02-13T19:11:52+00:00","description":"En voiture \u00e9lectrique? Au Camping Aventure M\u00e9gantic, rechargez sans souci avec nos 2 bornes de niveau 2 de 30 amps \u00e0 1,50$\/h. Profitez de M\u00e9gantic l'esprit serein, \u00e0 l'arriv\u00e9e ou au d\u00e9part.","breadcrumb":{"@id":"https:\/\/campingaventuremegantic.com\/saviez-vous\/bornes-de-recharge\/#breadcrumb"},"inLanguage":"en-CA","potentialAction":[{"@type":"ReadAction","target":["https:\/\/campingaventuremegantic.com\/saviez-vous\/bornes-de-recharge\/"]}]},{"@type":"ImageObject","inLanguage":"en-CA","@id":"https:\/\/campingaventuremegantic.com\/saviez-vous\/bornes-de-recharge\/#primaryimage","url":"https:\/\/campingaventuremegantic.com\/wp-content\/uploads\/2024\/02\/borne-700x700.png","contentUrl":"https:\/\/campingaventuremegantic.com\/wp-content\/uploads\/2024\/02\/borne-700x700.png"},{"@type":"BreadcrumbList","@id":"https:\/\/campingaventuremegantic.com\/saviez-vous\/bornes-de-recharge\/#breadcrumb","itemListElement":[{"@type":"ListItem","position":1,"name":"Accueil","item":"https:\/\/campingaventuremegantic.com\/"},{"@type":"ListItem","position":2,"name":"Saviez-vous?","item":"https:\/\/campingaventuremegantic.com\/saviez-vous\/"},{"@type":"ListItem","position":3,"name":"Bornes de recharges"}]},{"@type":"WebSite","@id":"https:\/\/campingaventuremegantic.com\/#website","url":"https:\/\/campingaventuremegantic.com\/","name":"Camping Adventure Megantic","description":"Live the adventure!","publisher":{"@id":"https:\/\/campingaventuremegantic.com\/#organization"},"potentialAction":[{"@type":"SearchAction","target":{"@type":"EntryPoint","urlTemplate":"https:\/\/campingaventuremegantic.com\/?s={search_term_string}"},"query-input":{"@type":"PropertyValueSpecification","valueRequired":true,"valueName":"search_term_string"}}],"inLanguage":"en-CA"},{"@type":"Organization","@id":"https:\/\/campingaventuremegantic.com\/#organization","name":"Camping Adventure Megantic","url":"https:\/\/campingaventuremegantic.com\/","logo":{"@type":"ImageObject","inLanguage":"en-CA","@id":"https:\/\/campingaventuremegantic.com\/#\/schema\/logo\/image\/","url":"https:\/\/campingaventuremegantic.com\/wp-content\/uploads\/2020\/11\/Untitled.svg","contentUrl":"https:\/\/campingaventuremegantic.com\/wp-content\/uploads\/2020\/11\/Untitled.svg","width":100,"height":100,"caption":"Camping Aventure M\u00e9gantic"},"image":{"@id":"https:\/\/campingaventuremegantic.com\/#\/schema\/logo\/image\/"},"sameAs":["https:\/\/www.facebook.com\/campaventuremegantic\/","https:\/\/www.instagram.com\/campingaventuremegantic\/"]}]}},"_links":{"self":[{"href":"https:\/\/campingaventuremegantic.com\/en\/wp-json\/wp\/v2\/pages\/11808","targetHints":{"allow":["GET"]}}],"collection":[{"href":"https:\/\/campingaventuremegantic.com\/en\/wp-json\/wp\/v2\/pages"}],"about":[{"href":"https:\/\/campingaventuremegantic.com\/en\/wp-json\/wp\/v2\/types\/page"}],"author":[{"embeddable":true,"href":"https:\/\/campingaventuremegantic.com\/en\/wp-json\/wp\/v2\/users\/1"}],"replies":[{"embeddable":true,"href":"https:\/\/campingaventuremegantic.com\/en\/wp-json\/wp\/v2\/comments?post=11808"}],"version-history":[{"count":0,"href":"https:\/\/campingaventuremegantic.com\/en\/wp-json\/wp\/v2\/pages\/11808\/revisions"}],"up":[{"embeddable":true,"href":"https:\/\/campingaventuremegantic.com\/en\/wp-json\/wp\/v2\/pages\/14887"}],"wp:attachment":[{"href":"https:\/\/campingaventuremegantic.com\/en\/wp-json\/wp\/v2\/media?parent=11808"}],"curies":[{"name":"wp","href":"https:\/\/api.w.org\/{rel}","templated":true}]}}