{"id":8378,"date":"2023-09-24T22:16:59","date_gmt":"2023-09-25T02:16:59","guid":{"rendered":"https:\/\/campingaventuremegantic.com\/?page_id=8378"},"modified":"2024-02-12T20:11:41","modified_gmt":"2024-02-13T01:11:41","slug":"termes-et-modalites-dutilisation","status":"publish","type":"page","link":"https:\/\/campingaventuremegantic.com\/en\/termes-et-modalites-dutilisation\/","title":{"rendered":"Terms and conditions of use of the website"},"content":{"rendered":"<div data-elementor-type=\"wp-post\" data-elementor-id=\"8378\" class=\"elementor elementor-8378\" data-elementor-post-type=\"page\">\n\t\t\t\t<div data-particle_enable=\"false\" data-particle-mobile-disabled=\"false\" class=\"has_ae_slider elementor-element elementor-element-3d48542 e-con-full e-flex ae-bg-gallery-type-default e-con e-parent\" data-id=\"3d48542\" data-element_type=\"container\" data-settings=\"{&quot;background_background&quot;:&quot;classic&quot;,&quot;shape_divider_bottom&quot;:&quot;waves&quot;,&quot;shape_divider_bottom_negative&quot;:&quot;yes&quot;}\">\n\t\t\t\t<div class=\"elementor-shape elementor-shape-bottom\" aria-hidden=\"true\" data-negative=\"true\">\n\t\t\t<svg xmlns=\"http:\/\/www.w3.org\/2000\/svg\" viewbox=\"0 0 1000 100\" preserveaspectratio=\"none\">\n\t<path class=\"elementor-shape-fill\" d=\"M790.5,93.1c-59.3-5.3-116.8-18-192.6-50c-29.6-12.7-76.9-31-100.5-35.9c-23.6-4.9-52.6-7.8-75.5-5.3\tc-10.2,1.1-22.6,1.4-50.1,7.4c-27.2,6.3-58.2,16.6-79.4,24.7c-41.3,15.9-94.9,21.9-134,22.6C72,58.2,0,25.8,0,25.8V100h1000V65.3\tc0,0-51.5,19.4-106.2,25.7C839.5,97,814.1,95.2,790.5,93.1z\"\/>\n<\/svg>\t\t<\/div>\n\t\t\t\t<div class=\"elementor-element elementor-element-76cce23 elementor-view-default elementor-widget elementor-widget-icon\" data-id=\"76cce23\" data-element_type=\"widget\" data-widget_type=\"icon.default\">\n\t\t\t\t<div class=\"elementor-widget-container\">\n\t\t\t\t\t\t\t<div class=\"elementor-icon-wrapper\">\n\t\t\t<div class=\"elementor-icon\">\n\t\t\t<i aria-hidden=\"true\" class=\"fas fa-link\"><\/i>\t\t\t<\/div>\n\t\t<\/div>\n\t\t\t\t\t\t<\/div>\n\t\t\t\t<\/div>\n\t\t\t\t<div class=\"elementor-element elementor-element-5c06439 premium-header-block premium-lq__none premium-box-lq__none elementor-widget elementor-widget-premium-addon-dual-header\" data-id=\"5c06439\" data-element_type=\"widget\" data-widget_type=\"premium-addon-dual-header.default\">\n\t\t\t\t<div class=\"elementor-widget-container\">\n\t\t\t\t\t\n\t\t\t\t\t<h1 class=\"premium-dual-header-first-header\"><span class=\"premium-dual-header-first-span\">Terms and conditions of use of the website <\/span><span class=\"premium-dual-header-second-header\">from Camping Aventure M\u00e9gantic<\/span><\/h1> \t\t\n\t\t\t\t\t\t<\/div>\n\t\t\t\t<\/div>\n\t\t\t\t<\/div>\n\t\t<div data-particle_enable=\"false\" data-particle-mobile-disabled=\"false\" class=\"has_ae_slider elementor-element elementor-element-62a44df e-flex e-con-boxed ae-bg-gallery-type-default e-con e-parent\" data-id=\"62a44df\" data-element_type=\"container\" data-settings=\"{&quot;background_background&quot;:&quot;classic&quot;}\">\n\t\t\t\t\t<div class=\"e-con-inner\">\n\t\t\t\t<div class=\"elementor-element elementor-element-cf02243 elementor-widget elementor-widget-text-editor\" data-id=\"cf02243\" data-element_type=\"widget\" data-widget_type=\"text-editor.default\">\n\t\t\t\t<div class=\"elementor-widget-container\">\n\t\t\t\t\t\t\t\t\t<h2>Application and acceptance<\/h2><p>These terms and conditions govern your use of the website, made available to you by Camping Aventure M\u00e9gantic (the \u201c**_Site_**\u201d). Camping Aventure M\u00e9gantic invites you to carefully read each of the provisions hereof before using the Site, and in the event of your disagreement with one or more of these provisions, Camping Aventure M\u00e9gantic asks you to immediately cease your use of the Site.<\/p><p>Please note that Camping Aventure M\u00e9gantic reserves the right to modify all or part of these terms and conditions at any time, without notice and at its sole discretion, which modifications will take effect from the moment of their publication on the Site. Consequently, Camping Aventure M\u00e9gantic invites you to regularly consult these terms and conditions and to keep a copy of them for your files.<\/p><p>By using the Site, you agree to comply with all of the terms and conditions provided herein. You also agree not to use the Site for illegal purposes and not to take any action likely to interrupt or disrupt, directly or indirectly, the proper functioning of the Site. Camping Aventure M\u00e9gantic reserves the right to prohibit or limit access to the Site to a user if, in its sole discretion, it considers that this user has failed to respect the terms and conditions of use provided for herein. The failure by Camping Aventure M\u00e9gantic to execute or insist on the execution of any provision herein shall in no way be interpreted as a waiver on its part of any right arising herefrom.<\/p><h2>Site content<\/h2><p>All content and information appearing on the Site are the property of Camping Aventure M\u00e9gantic or third parties having granted it a license. No part of the content of the Site may be copied, manipulated, broadcast, reproduced, published, downloaded, displayed, transmitted or distributed in any way without the prior written authorization of Camping Aventure M\u00e9gantic. However, you are authorized to download one copy of the Site on a single computer for your personal, non-commercial use, only if you (i) do not modify the copyright or other intellectual property notices, (ii ) do not modify the content, (iii) do not use the content in a manner that suggests a link with the products, services or trademarks of Camping Aventure M\u00e9gantic, and (iv) you acknowledge that you do not own no ownership or use rights to the downloaded content.<\/p><h2>Prohibited content<\/h2><p>It is prohibited to transmit on the Site content that infringes the rights and freedoms of a person, which is obscene, pornographic, insulting or intimidating, which violates applicable intellectual property laws or which contravenes any other law in force. . It is strictly prohibited to use the Site to solicit customers or offer products or services for sale, other than to the extent permitted by Camping Aventure M\u00e9gantic. You may not use the email service to transmit unauthorized or unsolicited messages, including spam.<\/p><h2>Evolution of site content<\/h2><p>Although Camping Aventure M\u00e9gantic makes reasonable efforts to ensure that the information on the Site is free from inaccuracies, it is possible that the Site contains typographical errors or omissions. Camping Aventure M\u00e9gantic cannot be held responsible for these typographical inaccuracies, errors or omissions, which include in particular, but are not limited to, any inaccuracies relating to promotions, pricing, specifications and reservation terms.<\/p><h2>Discussion group<\/h2><p>The Site contains discussion groups. A \u201cdiscussion group\u201d means a chat room, forum, electronic bulletin board, electronic mail or any other messaging system, space or communication mechanism made available to users through the Site or any mobile program operated by Camping Aventure M\u00e9gantic which allow interaction between Camping Aventure M\u00e9gantic, yourself and other users. If you participate in a discussion group on the Site, you understand and accept that any communication cannot be private and that discussion groups cannot be used for commercial communications purposes without the prior and express authorization of Camping Aventure M\u00e9gantic .<\/p><p>Camping Aventure M\u00e9gantic does not monitor discussion groups. However, Camping Aventure M\u00e9gantic reserves the right to remove or prevent the display of any communication or publication from a user which, in its sole discretion, contravenes the terms and conditions of use of the Site or is otherwise deemed inadmissible .<\/p><p>By posting, uploading or submitting any material or content to a newsgroup, you warrant that you own (or implicitly warrant that the person who owns the rights thereto expressly grants) the permanent, royalty-free, irrevocable, non-binding right and license. worldwide exclusive right to create derivative works from any or all parts of such material or content, and to use, reproduce, modify, adapt, publish, translate, transmit, to distribute and exploit in any way any or all parts of this material or content, in any media, and by any technology, known and not yet known. Furthermore, you irrevocably waive any moral rights with respect to any content or files posted, uploaded or submitted by you.<\/p><h2>Hyperlinks<\/h2><p>Please note that any links on the Site that direct you to third-party websites are provided as a courtesy and for your reference only. Camping Aventure M\u00e9gantic has no control over the nature and content of these. The integration of these links into the Site should not be interpreted as a form of approval or endorsement by Camping Aventure M\u00e9gantic in particular of the content, any policy and any advertising appearing there. Access to these links is at your own risk.<\/p><h2>Link to the site incorporated into third party websites<\/h2><p>Third party websites which link to the Site must not contain any material that is obscene, defamatory, distasteful or likely to infringe the rights and freedoms of any person and must contain content suitable for all groups of people. ages. Camping Aventure M\u00e9gantic reserves the right to prevent a third party from displaying a link to the Site at any time, in its sole discretion.<\/p><h2>Intellectual property<\/h2><p>The Site contains works subject to copyright, trade names and trademarks, registered or not, protected by Canadian and foreign laws, including in particular those mentioned below, which are the exclusive property of Camping Aventure M\u00e9gantic:<\/p><p><strong>M\u00c9GANTIC ADVENTURE CAMPSITE<\/strong><br \/><strong>ADVENTURE UNDER KEY<\/strong><\/p><p>No license to use these intellectual property rights is granted to you by Camping Aventure M\u00e9gantic.<\/p><h2>Limitation of liability<\/h2><p>IN NO EVENT SHALL CAMPING AVENTURE M\u00c9GANTIC BE HELD LIABLE FOR ANY DAMAGE, LOSS OR INJURY, DIRECT OR INDIRECT, WHICH HAS BEEN CAUSED TO A USER IN CONNECTION WITH THE USE OF THE SITE OR THESE TERMS AND CONDITIONS. FURTHERMORE, CAMPING AVENTURE M\u00c9GANTIC DOES NOT GUARANTEE OR ASSURE IN ANY WAY THE ACCURACY OF THE INFORMATION APPEARING ON THE SITE OR THE NORMAL AND UNINTERRUPTED OPERATION OF IT. BY USING THE SITE, YOU TAKE FULL RESPONSIBILITY FOR THE RISK OF DAMAGE, LOSSES OR INJURY THAT MAY RESULT, DIRECTLY OR INDIRECTLY, FROM SUCH USE. IT IS THE USER&#039;S RESPONSIBILITY TO TAKE REASONABLE PRECAUTIONS TO PROTECT THEIR COMPUTER AGAINST VIRUSES AND TO KEEP A BACKUP COPY OF THEIR FILES BEFORE DOWNLOADING INFORMATION FROM THE SITE.<\/p><h2>Compensation<\/h2><p>You hereby agree to indemnify and hold Camping Aventure M\u00e9gantic, its directors, officers, employees, agents, representatives and mandataries harmless from any recourse, claim, procedure, liability, damage, penalty or expense of any nature. whether (including the fees of its legal advisors) having a direct or indirect link with your use of the Site, arising from your contravention of these terms and conditions or resulting from any act or negligence on your part, including but not limited to limitedly, an infringement of the intellectual property rights of any person.<\/p><p>In the event that such an action, claim or procedure is brought against Camping Aventure M\u00e9gantic or that its liability is raised in connection with damages, penalties or costs of any nature whatsoever, Camping Aventure M\u00e9gantic may, under the terms of a notice of a reasonable period of time being addressed to you, request that you cooperate fully with it in its defense and in the contestation of such appeal, claim or procedure, at your expense.<\/p><h2>Witnesses<\/h2><p>The Site uses certain cookies. Cookies are files that an Internet server installs on your computer and which can be retrieved by that server on subsequent visits. A cookie may be used for authentication purposes, to store your preferences, passwords or usernames linked to a given website, as well as commercial information.<\/p><h2>Protection of personal information<\/h2><p>Camping Aventure M\u00e9gantic is committed to respecting your right to the protection of your personal information. When you use the Site, you can be assured that any information you share with Camping Aventure M\u00e9gantic is subject to rigorous confidentiality standards. In this regard, you can consult the _Confidentiality and protection of personal information policy_ of Camping Aventure M\u00e9gantic, which is an integral part of these documents.<a href=\"\/en\/politique-de-confidentialite-et-de-protection-des-renseignements-personnels\/\">terms and conditions of use<\/a> of the site.\u00a0<\/p><h2>Applicable law<\/h2><p>The interpretation, validity and performance of these terms and conditions are subject to the laws applicable in the province of Quebec, Canada. Furthermore, by using the Site, you agree to submit to the jurisdiction of the common law courts of the judicial district of M\u00e9gantic in the province of Quebec, Canada, and waive the right to invoke any lack of jurisdiction.<\/p><h2>Questions<\/h2><p>If you have any questions or concerns regarding these terms and conditions, we invite you to contact the Camping Aventure M\u00e9gantic customer service department by email at the following address: <a href=\"mailto:info@campingaventuremegantic.com\">info@campingaventuremegantic.com<\/a><\/p><h2>Releases<\/h2><p>In the event of any discrepancy between the English and French versions of these terms and conditions, the French version will prevail.<\/p>\t\t\t\t\t\t\t\t<\/div>\n\t\t\t\t<\/div>\n\t\t\t\t\t<\/div>\n\t\t\t\t<\/div>\n\t\t\t\t<\/div>","protected":false},"excerpt":{"rendered":"Terms and conditions of use of the Camping Aventure M\u00e9gantic website Application and acceptance These terms and conditions govern your use of the website, made available to you by Camping Aventure M\u00e9gantic (the \u201c**_Site_**\u201d). Camping Aventure M\u00e9gantic invites you to carefully read each of the provisions hereof before using the Site,\u2026 <a class=\"view-article\" href=\"https:\/\/campingaventuremegantic.com\/en\/termes-et-modalites-dutilisation\/\">View Article<\/a>","protected":false},"author":1,"featured_media":7,"parent":0,"menu_order":0,"comment_status":"closed","ping_status":"closed","template":"","meta":{"_acf_changed":false,"footnotes":""},"class_list":["post-8378","page","type-page","status-publish","has-post-thumbnail","hentry"],"acf":[],"yoast_head":"<!-- This site is optimized with the Yoast SEO plugin v27.3 - https:\/\/yoast.com\/product\/yoast-seo-wordpress\/ -->\n<title>Camping Aventure M\u00e9gantic - Termes et modalit\u00e9s d&#039;utilisation du site internet<\/title>\n<meta name=\"description\" content=\"Camping 5 \u00e9toiles dans la r\u00e9gion des Cantons-de-l&#039;est qui vous offre nature et activit\u00e9s. Camping de l&#039;ann\u00e9e en 2018 et certifi\u00e9 en d\u00e9veloppement durable.\" \/>\n<meta name=\"robots\" content=\"index, follow, max-snippet:-1, max-image-preview:large, max-video-preview:-1\" \/>\n<link rel=\"canonical\" href=\"https:\/\/campingaventuremegantic.com\/en\/termes-et-modalites-dutilisation\/\" \/>\n<meta property=\"og:locale\" content=\"en_US\" \/>\n<meta property=\"og:type\" content=\"article\" \/>\n<meta property=\"og:title\" content=\"Camping Aventure M\u00e9gantic - Termes et modalit\u00e9s d&#039;utilisation du site internet\" \/>\n<meta property=\"og:description\" content=\"Camping 5 \u00e9toiles dans la r\u00e9gion des Cantons-de-l&#039;est qui vous offre nature et activit\u00e9s. Camping de l&#039;ann\u00e9e en 2018 et certifi\u00e9 en d\u00e9veloppement durable.\" \/>\n<meta property=\"og:url\" content=\"https:\/\/campingaventuremegantic.com\/en\/termes-et-modalites-dutilisation\/\" \/>\n<meta property=\"og:site_name\" content=\"Camping Aventure M\u00e9gantic\" \/>\n<meta property=\"article:publisher\" content=\"https:\/\/www.facebook.com\/campaventuremegantic\/\" \/>\n<meta property=\"article:modified_time\" content=\"2024-02-13T01:11:41+00:00\" \/>\n<meta property=\"og:image\" content=\"https:\/\/campingaventuremegantic.com\/wp-content\/uploads\/2018\/11\/sandwich.jpg\" \/>\n\t<meta property=\"og:image:width\" content=\"1500\" \/>\n\t<meta property=\"og:image:height\" content=\"900\" \/>\n\t<meta property=\"og:image:type\" content=\"image\/jpeg\" \/>\n<meta name=\"twitter:card\" content=\"summary_large_image\" \/>\n<meta name=\"twitter:label1\" content=\"Est. reading time\" \/>\n\t<meta name=\"twitter:data1\" content=\"9 minutes\" \/>\n<script type=\"application\/ld+json\" class=\"yoast-schema-graph\">{\"@context\":\"https:\\\/\\\/schema.org\",\"@graph\":[{\"@type\":\"WebPage\",\"@id\":\"https:\\\/\\\/campingaventuremegantic.com\\\/termes-et-modalites-dutilisation\\\/\",\"url\":\"https:\\\/\\\/campingaventuremegantic.com\\\/termes-et-modalites-dutilisation\\\/\",\"name\":\"Camping Aventure M\u00e9gantic - Termes et modalit\u00e9s d'utilisation du site internet\",\"isPartOf\":{\"@id\":\"https:\\\/\\\/campingaventuremegantic.com\\\/#website\"},\"primaryImageOfPage\":{\"@id\":\"https:\\\/\\\/campingaventuremegantic.com\\\/termes-et-modalites-dutilisation\\\/#primaryimage\"},\"image\":{\"@id\":\"https:\\\/\\\/campingaventuremegantic.com\\\/termes-et-modalites-dutilisation\\\/#primaryimage\"},\"thumbnailUrl\":\"https:\\\/\\\/campingaventuremegantic.com\\\/wp-content\\\/uploads\\\/2018\\\/11\\\/sandwich.jpg\",\"datePublished\":\"2023-09-25T02:16:59+00:00\",\"dateModified\":\"2024-02-13T01:11:41+00:00\",\"description\":\"Camping 5 \u00e9toiles dans la r\u00e9gion des Cantons-de-l'est qui vous offre nature et activit\u00e9s. Camping de l'ann\u00e9e en 2018 et certifi\u00e9 en d\u00e9veloppement durable.\",\"breadcrumb\":{\"@id\":\"https:\\\/\\\/campingaventuremegantic.com\\\/termes-et-modalites-dutilisation\\\/#breadcrumb\"},\"inLanguage\":\"en-CA\",\"potentialAction\":[{\"@type\":\"ReadAction\",\"target\":[\"https:\\\/\\\/campingaventuremegantic.com\\\/termes-et-modalites-dutilisation\\\/\"]}]},{\"@type\":\"ImageObject\",\"inLanguage\":\"en-CA\",\"@id\":\"https:\\\/\\\/campingaventuremegantic.com\\\/termes-et-modalites-dutilisation\\\/#primaryimage\",\"url\":\"https:\\\/\\\/campingaventuremegantic.com\\\/wp-content\\\/uploads\\\/2018\\\/11\\\/sandwich.jpg\",\"contentUrl\":\"https:\\\/\\\/campingaventuremegantic.com\\\/wp-content\\\/uploads\\\/2018\\\/11\\\/sandwich.jpg\",\"width\":1500,\"height\":900},{\"@type\":\"BreadcrumbList\",\"@id\":\"https:\\\/\\\/campingaventuremegantic.com\\\/termes-et-modalites-dutilisation\\\/#breadcrumb\",\"itemListElement\":[{\"@type\":\"ListItem\",\"position\":1,\"name\":\"Accueil\",\"item\":\"https:\\\/\\\/campingaventuremegantic.com\\\/\"},{\"@type\":\"ListItem\",\"position\":2,\"name\":\"Termes et modalit\u00e9s d&#8217;utilisation du site internet\"}]},{\"@type\":\"WebSite\",\"@id\":\"https:\\\/\\\/campingaventuremegantic.com\\\/#website\",\"url\":\"https:\\\/\\\/campingaventuremegantic.com\\\/\",\"name\":\"Camping Aventure M\u00e9gantic\",\"description\":\"Vivez l&#039;aventure!\",\"publisher\":{\"@id\":\"https:\\\/\\\/campingaventuremegantic.com\\\/#organization\"},\"potentialAction\":[{\"@type\":\"SearchAction\",\"target\":{\"@type\":\"EntryPoint\",\"urlTemplate\":\"https:\\\/\\\/campingaventuremegantic.com\\\/?s={search_term_string}\"},\"query-input\":{\"@type\":\"PropertyValueSpecification\",\"valueRequired\":true,\"valueName\":\"search_term_string\"}}],\"inLanguage\":\"en-CA\"},{\"@type\":\"Organization\",\"@id\":\"https:\\\/\\\/campingaventuremegantic.com\\\/#organization\",\"name\":\"Camping Aventure M\u00e9gantic\",\"url\":\"https:\\\/\\\/campingaventuremegantic.com\\\/\",\"logo\":{\"@type\":\"ImageObject\",\"inLanguage\":\"en-CA\",\"@id\":\"https:\\\/\\\/campingaventuremegantic.com\\\/#\\\/schema\\\/logo\\\/image\\\/\",\"url\":\"https:\\\/\\\/campingaventuremegantic.com\\\/wp-content\\\/uploads\\\/2020\\\/11\\\/Untitled.svg\",\"contentUrl\":\"https:\\\/\\\/campingaventuremegantic.com\\\/wp-content\\\/uploads\\\/2020\\\/11\\\/Untitled.svg\",\"width\":100,\"height\":100,\"caption\":\"Camping Aventure M\u00e9gantic\"},\"image\":{\"@id\":\"https:\\\/\\\/campingaventuremegantic.com\\\/#\\\/schema\\\/logo\\\/image\\\/\"},\"sameAs\":[\"https:\\\/\\\/www.facebook.com\\\/campaventuremegantic\\\/\",\"https:\\\/\\\/www.instagram.com\\\/campingaventuremegantic\\\/\"]}]}<\/script>\n<!-- \/ Yoast SEO plugin. -->","yoast_head_json":{"title":"Camping Aventure M\u00e9gantic - Termes et modalit\u00e9s d'utilisation du site internet","description":"A 5-star campground in the Eastern Townships region offering nature and activities. Campground of the Year in 2018 and certified for sustainable development.","robots":{"index":"index","follow":"follow","max-snippet":"max-snippet:-1","max-image-preview":"max-image-preview:large","max-video-preview":"max-video-preview:-1"},"canonical":"https:\/\/campingaventuremegantic.com\/en\/termes-et-modalites-dutilisation\/","og_locale":"en_US","og_type":"article","og_title":"Camping Aventure M\u00e9gantic - Termes et modalit\u00e9s d'utilisation du site internet","og_description":"Camping 5 \u00e9toiles dans la r\u00e9gion des Cantons-de-l'est qui vous offre nature et activit\u00e9s. Camping de l'ann\u00e9e en 2018 et certifi\u00e9 en d\u00e9veloppement durable.","og_url":"https:\/\/campingaventuremegantic.com\/en\/termes-et-modalites-dutilisation\/","og_site_name":"Camping Aventure M\u00e9gantic","article_publisher":"https:\/\/www.facebook.com\/campaventuremegantic\/","article_modified_time":"2024-02-13T01:11:41+00:00","og_image":[{"width":1500,"height":900,"url":"https:\/\/campingaventuremegantic.com\/wp-content\/uploads\/2018\/11\/sandwich.jpg","type":"image\/jpeg"}],"twitter_card":"summary_large_image","twitter_misc":{"Est. reading time":"9 minutes"},"schema":{"@context":"https:\/\/schema.org","@graph":[{"@type":"WebPage","@id":"https:\/\/campingaventuremegantic.com\/termes-et-modalites-dutilisation\/","url":"https:\/\/campingaventuremegantic.com\/termes-et-modalites-dutilisation\/","name":"Camping Aventure M\u00e9gantic - Termes et modalit\u00e9s d'utilisation du site internet","isPartOf":{"@id":"https:\/\/campingaventuremegantic.com\/#website"},"primaryImageOfPage":{"@id":"https:\/\/campingaventuremegantic.com\/termes-et-modalites-dutilisation\/#primaryimage"},"image":{"@id":"https:\/\/campingaventuremegantic.com\/termes-et-modalites-dutilisation\/#primaryimage"},"thumbnailUrl":"https:\/\/campingaventuremegantic.com\/wp-content\/uploads\/2018\/11\/sandwich.jpg","datePublished":"2023-09-25T02:16:59+00:00","dateModified":"2024-02-13T01:11:41+00:00","description":"A 5-star campground in the Eastern Townships region offering nature and activities. Campground of the Year in 2018 and certified for sustainable development.","breadcrumb":{"@id":"https:\/\/campingaventuremegantic.com\/termes-et-modalites-dutilisation\/#breadcrumb"},"inLanguage":"en-CA","potentialAction":[{"@type":"ReadAction","target":["https:\/\/campingaventuremegantic.com\/termes-et-modalites-dutilisation\/"]}]},{"@type":"ImageObject","inLanguage":"en-CA","@id":"https:\/\/campingaventuremegantic.com\/termes-et-modalites-dutilisation\/#primaryimage","url":"https:\/\/campingaventuremegantic.com\/wp-content\/uploads\/2018\/11\/sandwich.jpg","contentUrl":"https:\/\/campingaventuremegantic.com\/wp-content\/uploads\/2018\/11\/sandwich.jpg","width":1500,"height":900},{"@type":"BreadcrumbList","@id":"https:\/\/campingaventuremegantic.com\/termes-et-modalites-dutilisation\/#breadcrumb","itemListElement":[{"@type":"ListItem","position":1,"name":"Accueil","item":"https:\/\/campingaventuremegantic.com\/"},{"@type":"ListItem","position":2,"name":"Termes et modalit\u00e9s d&#8217;utilisation du site internet"}]},{"@type":"WebSite","@id":"https:\/\/campingaventuremegantic.com\/#website","url":"https:\/\/campingaventuremegantic.com\/","name":"Camping Adventure Megantic","description":"Live the adventure!","publisher":{"@id":"https:\/\/campingaventuremegantic.com\/#organization"},"potentialAction":[{"@type":"SearchAction","target":{"@type":"EntryPoint","urlTemplate":"https:\/\/campingaventuremegantic.com\/?s={search_term_string}"},"query-input":{"@type":"PropertyValueSpecification","valueRequired":true,"valueName":"search_term_string"}}],"inLanguage":"en-CA"},{"@type":"Organization","@id":"https:\/\/campingaventuremegantic.com\/#organization","name":"Camping Adventure Megantic","url":"https:\/\/campingaventuremegantic.com\/","logo":{"@type":"ImageObject","inLanguage":"en-CA","@id":"https:\/\/campingaventuremegantic.com\/#\/schema\/logo\/image\/","url":"https:\/\/campingaventuremegantic.com\/wp-content\/uploads\/2020\/11\/Untitled.svg","contentUrl":"https:\/\/campingaventuremegantic.com\/wp-content\/uploads\/2020\/11\/Untitled.svg","width":100,"height":100,"caption":"Camping Aventure M\u00e9gantic"},"image":{"@id":"https:\/\/campingaventuremegantic.com\/#\/schema\/logo\/image\/"},"sameAs":["https:\/\/www.facebook.com\/campaventuremegantic\/","https:\/\/www.instagram.com\/campingaventuremegantic\/"]}]}},"_links":{"self":[{"href":"https:\/\/campingaventuremegantic.com\/en\/wp-json\/wp\/v2\/pages\/8378","targetHints":{"allow":["GET"]}}],"collection":[{"href":"https:\/\/campingaventuremegantic.com\/en\/wp-json\/wp\/v2\/pages"}],"about":[{"href":"https:\/\/campingaventuremegantic.com\/en\/wp-json\/wp\/v2\/types\/page"}],"author":[{"embeddable":true,"href":"https:\/\/campingaventuremegantic.com\/en\/wp-json\/wp\/v2\/users\/1"}],"replies":[{"embeddable":true,"href":"https:\/\/campingaventuremegantic.com\/en\/wp-json\/wp\/v2\/comments?post=8378"}],"version-history":[{"count":0,"href":"https:\/\/campingaventuremegantic.com\/en\/wp-json\/wp\/v2\/pages\/8378\/revisions"}],"wp:featuredmedia":[{"embeddable":true,"href":"https:\/\/campingaventuremegantic.com\/en\/wp-json\/wp\/v2\/media\/7"}],"wp:attachment":[{"href":"https:\/\/campingaventuremegantic.com\/en\/wp-json\/wp\/v2\/media?parent=8378"}],"curies":[{"name":"wp","href":"https:\/\/api.w.org\/{rel}","templated":true}]}}