{"id":8380,"date":"2023-09-24T22:17:42","date_gmt":"2023-09-25T02:17:42","guid":{"rendered":"https:\/\/campingaventuremegantic.com\/?page_id=8380"},"modified":"2024-02-12T20:01:21","modified_gmt":"2024-02-13T01:01:21","slug":"politique-de-confidentialite","status":"publish","type":"page","link":"https:\/\/campingaventuremegantic.com\/en\/politique-de-confidentialite\/","title":{"rendered":"Confidentiality and protection of personal information policy"},"content":{"rendered":"<div data-elementor-type=\"wp-post\" data-elementor-id=\"8380\" class=\"elementor elementor-8380\" data-elementor-post-type=\"page\">\n\t\t\t\t<div data-particle_enable=\"false\" data-particle-mobile-disabled=\"false\" class=\"has_ae_slider elementor-element elementor-element-852db7f e-con-full e-flex ae-bg-gallery-type-default e-con e-parent\" data-id=\"852db7f\" data-element_type=\"container\" data-settings=\"{&quot;background_background&quot;:&quot;classic&quot;,&quot;shape_divider_bottom&quot;:&quot;waves&quot;,&quot;shape_divider_bottom_negative&quot;:&quot;yes&quot;}\">\n\t\t\t\t<div class=\"elementor-shape elementor-shape-bottom\" aria-hidden=\"true\" data-negative=\"true\">\n\t\t\t<svg xmlns=\"http:\/\/www.w3.org\/2000\/svg\" viewbox=\"0 0 1000 100\" preserveaspectratio=\"none\">\n\t<path class=\"elementor-shape-fill\" d=\"M790.5,93.1c-59.3-5.3-116.8-18-192.6-50c-29.6-12.7-76.9-31-100.5-35.9c-23.6-4.9-52.6-7.8-75.5-5.3\tc-10.2,1.1-22.6,1.4-50.1,7.4c-27.2,6.3-58.2,16.6-79.4,24.7c-41.3,15.9-94.9,21.9-134,22.6C72,58.2,0,25.8,0,25.8V100h1000V65.3\tc0,0-51.5,19.4-106.2,25.7C839.5,97,814.1,95.2,790.5,93.1z\"\/>\n<\/svg>\t\t<\/div>\n\t\t\t\t<div class=\"elementor-element elementor-element-dc246c0 elementor-view-default elementor-widget elementor-widget-icon\" data-id=\"dc246c0\" data-element_type=\"widget\" data-widget_type=\"icon.default\">\n\t\t\t\t<div class=\"elementor-widget-container\">\n\t\t\t\t\t\t\t<div class=\"elementor-icon-wrapper\">\n\t\t\t<div class=\"elementor-icon\">\n\t\t\t<i aria-hidden=\"true\" class=\"fas fa-database\"><\/i>\t\t\t<\/div>\n\t\t<\/div>\n\t\t\t\t\t\t<\/div>\n\t\t\t\t<\/div>\n\t\t\t\t<div class=\"elementor-element elementor-element-a63a327 premium-header-block premium-lq__none premium-box-lq__none elementor-widget elementor-widget-premium-addon-dual-header\" data-id=\"a63a327\" data-element_type=\"widget\" data-widget_type=\"premium-addon-dual-header.default\">\n\t\t\t\t<div class=\"elementor-widget-container\">\n\t\t\t\t\t\n\t\t\t\t\t<h1 class=\"premium-dual-header-first-header\"><span class=\"premium-dual-header-first-span\">Confidentiality and protection of personal information policy <\/span><span class=\"premium-dual-header-second-header\">from Camping Aventure M\u00e9gantic<\/span><\/h1> \t\t\n\t\t\t\t\t\t<\/div>\n\t\t\t\t<\/div>\n\t\t\t\t<\/div>\n\t\t<div data-particle_enable=\"false\" data-particle-mobile-disabled=\"false\" class=\"has_ae_slider elementor-element elementor-element-d331d9b e-flex e-con-boxed ae-bg-gallery-type-default e-con e-parent\" data-id=\"d331d9b\" data-element_type=\"container\" data-settings=\"{&quot;background_background&quot;:&quot;classic&quot;}\">\n\t\t\t\t\t<div class=\"e-con-inner\">\n\t\t\t\t<div class=\"elementor-element elementor-element-cca4c9b elementor-widget elementor-widget-text-editor\" data-id=\"cca4c9b\" data-element_type=\"widget\" data-widget_type=\"text-editor.default\">\n\t\t\t\t<div class=\"elementor-widget-container\">\n\t\t\t\t\t\t\t\t\t<h2>Protecting your personal information<\/h2><p>Camping Aventure M\u00e9gantic understands the importance of protecting the personal information of its customers and is committed to respecting your right to the protection of your personal information. This policy explains the types of personal information that is collected, the use of it and the contexts of disclosure.<\/p><p>Please note that at its sole discretion and without notice, Camping Aventure M\u00e9gantic may modify this privacy policy. It is your responsibility to review the terms of the Privacy Policy for changes made sporadically. The collection, use and communication of your personal information will be subject to the version of the Privacy Policy then in force, which corresponds to the version displayed on the Camping Aventure M\u00e9gantic website (the \u201c**_Site_* *&quot;) on a given date.<\/p><p>Please also note that this Privacy Policy of Camping Aventure M\u00e9gantic is an integral part <a href=\"\/en\/termes-et-modalites-dutilisation\/\">terms and conditions of use<\/a> of the site.<\/p><p>What is personal information?<\/p><p>Personal information is a factual or subjective piece of information about an identifiable individual. However, personal information does not include business contact details, if these contact details are used to communicate with an individual regarding their employment, occupation or profession.<\/p><h2>Consent<\/h2><p>Subject to a few exceptions, Camping Aventure M\u00e9gantic must obtain your consent with regard to the collection, use and disclosure of your personal information. Consent can be explicit or implicit. It must also be valid, meaning you must understand the nature, purpose and impact of the collection, use or disclosure of personal information to which you consent. It may be provided orally, in writing, electronically or by a person acting on your behalf, such as an agent or attorney duly authorized for this purpose. Explicit consent is generally given when you complete and make a reservation, request or form and transmit it to Camping Aventure M\u00e9gantic. There is implicit consent when Camping Aventure M\u00e9gantic can reasonably deduce that you have consented, following an action or inaction on your part, or due to the circumstances.<\/p><p>Please be advised that your use of the Site confirms that you are at least the age of majority in your place of residence, or that you are duly authorized by your parent or legal guardian and confirms that you implicitly agree that your personal information will be used in accordance with to the terms of this Privacy Policy.<\/p><h2>Collection of information<\/h2><p>Camping Aventure M\u00e9gantic limits the collection of personal information to the information necessary for the stated purposes. As part of a reservation, purchase of products or services on the Camping Aventure M\u00e9gantic online site, certain personal information must be provided, including your name, telephone number, email address and residence address, where applicable, and the data necessary for the shipment of products and services.<\/p><p>It is not secure to transmit your data necessary for payment, including your credit card number, by email, SMS or through social media. In order to protect this data, please transmit it to Camping Aventure M\u00e9gantic only through the Site&#039;s online reservation platform.<\/p><p>Camping Aventure M\u00e9gantic has no intention of collecting personal information from minors (as defined by applicable laws). In this case, Camping Aventure M\u00e9gantic invites the parent or guardian of the minor to contact them in order to take the appropriate measures to delete this information.<\/p><h2>Use of information<\/h2><p>Essentially, the personal information collected allows Camping Aventure M\u00e9gantic to identify you, communicate with you, personalize its service and carry out transactions efficiently and securely. Camping Aventure M\u00e9gantic reserves the right to use the personal information obtained to carry out market studies with the aim of adequately meeting the needs of its customers and thus improving its products and services.<\/p><p>If you have agreed to add your email address to the Camping Aventure M\u00e9gantic mailing list, you can, at any time, choose to no longer receive marketing communications or the newsletter sent by email by contacting the customer service directly. customers of Camping Aventure M\u00e9gantic by email to the following address: <a href=\"mailto:info@campingaventuremegantic.com\">info@campingaventuremegantic.com<\/a>.<\/p><p>Camping Aventure M\u00e9gantic does not sell your personal information to third parties and does not use or disclose your personal information for purposes other than those for which it is collected.<\/p><p>The laws and regulations in force provide for certain exceptions to Camping Aventure M\u00e9gantic&#039;s Privacy Policy and the use of your personal information. These exceptions could impact privacy practices.<\/p><p>For example, Camping Aventure M\u00e9gantic may collect, use or disclose your personal information, particularly in the following situations:<\/p><ol><li>if the collection of information is clearly for your benefit and your consent cannot be obtained in a timely manner;<\/li><li>whether, under the law, the information is deemed to be in the public domain;<\/li><li>if the information is disclosed to government authorities under anti-money laundering and anti-terrorist financing laws; Or<\/li><li>in connection with tax returns to relevant authorities or other disclosures required by law.<\/li><\/ol><h2>Information Protection<\/h2><p>Camping Aventure M\u00e9gantic applies material, organizational and technological security measures to protect your personal information against unauthorized access, disclosure, copying, use or modification as well as against loss or theft. Camping Aventure M\u00e9gantic&#039;s computer systems, including certain sections of its Site, are protected by passwords and are configured so that only people who must access your personal information for the purposes of their function within of Camping Aventure M\u00e9gantic are authorized to access secure systems and databases.<\/p><h2>Cookies and social media<\/h2><p>In order to ensure proper management of the Site and optimize navigation, Camping Aventure M\u00e9gantic collects the usual data from Internet log files, including your IP address, the type and language of your browser, the frequency of access and the reference addresses of websites, in particular by using different types of cookies and conversion tags. Camping Aventure M\u00e9gantic does not profile your computer or extract any information from your hard drive. Most browsers are configured by default to accept cookies, but you can modify their configuration to refuse them or limit their use.<\/p><p>In addition, the Site includes certain functions relating to social media. These functions may collect your IP address, log the pages you visit on the Site, and leave a cookie to enable the function to be performed. Social media features and widgets are hosted by a third party or hosted directly on the Site. Your interactions with these features are governed by the privacy policy of the company providing them.<\/p><p>The Site contains discussion groups. A \u201cdiscussion group\u201d means a chat room, forum, electronic bulletin board, electronic mail or any other messaging system, space or communication mechanism made available to users through the Site or any mobile program operated by Camping Aventure M\u00e9gantic which allow interaction between Camping Aventure M\u00e9gantic, yourself and other users of the Site. Any information you disclose using these applications, including personal information, may be viewed, collected and used by other users. Camping Aventure M\u00e9gantic has no control over the information exchanged through the above-mentioned applications and therefore, it is in no way responsible for the unauthorized use or illicit appropriation by another user of any information you disclose on discussion groups.<\/p><h2>Access to information and questions<\/h2><p>In accordance with the provisions of the law, you have the right to access, rectify, modify or delete personal information held by Camping Aventure M\u00e9gantic. To do this, or for any questions or concerns regarding the protection of your personal information, please contact the Camping Aventure M\u00e9gantic customer service department by email at the following address: <a href=\"mailto:info@campingaventuremegantic.com\">info@campingaventuremegantic.com<\/a><\/p><h2>Releases<\/h2><p>In the event of a discrepancy between the English and French versions of this policy, the French version will prevail.<\/p>\t\t\t\t\t\t\t\t<\/div>\n\t\t\t\t<\/div>\n\t\t\t\t\t<\/div>\n\t\t\t\t<\/div>\n\t\t\t\t<\/div>","protected":false},"excerpt":{"rendered":"Confidentiality and protection of personal information policy of Camping Aventure M\u00e9gantic Protecting your personal information Camping Aventure M\u00e9gantic understands the importance of protecting the personal information of its customers and is committed to respecting your right to the protection of your personal information. This policy explains the types of personal information that\u2026 <a class=\"view-article\" href=\"https:\/\/campingaventuremegantic.com\/en\/politique-de-confidentialite\/\">View Article<\/a>","protected":false},"author":1,"featured_media":7,"parent":0,"menu_order":0,"comment_status":"closed","ping_status":"closed","template":"","meta":{"_acf_changed":false,"footnotes":""},"class_list":["post-8380","page","type-page","status-publish","has-post-thumbnail","hentry"],"acf":[],"yoast_head":"<!-- This site is optimized with the Yoast SEO plugin v27.5 - https:\/\/yoast.com\/product\/yoast-seo-wordpress\/ -->\n<title>Camping Aventure M\u00e9gantic - Politique de confidentialit\u00e9 et de protection des renseignements personnels<\/title>\n<meta name=\"description\" content=\"Camping 5 \u00e9toiles dans la r\u00e9gion des Cantons-de-l&#039;est qui vous offre nature et activit\u00e9s. Camping de l&#039;ann\u00e9e en 2018 et certifi\u00e9 en d\u00e9veloppement durable.\" \/>\n<meta name=\"robots\" content=\"index, follow, max-snippet:-1, max-image-preview:large, max-video-preview:-1\" \/>\n<link rel=\"canonical\" href=\"https:\/\/campingaventuremegantic.com\/en\/politique-de-confidentialite\/\" \/>\n<meta property=\"og:locale\" content=\"en_US\" \/>\n<meta property=\"og:type\" content=\"article\" \/>\n<meta property=\"og:title\" content=\"Camping Aventure M\u00e9gantic - Politique de confidentialit\u00e9 et de protection des renseignements personnels\" \/>\n<meta property=\"og:description\" content=\"Camping 5 \u00e9toiles dans la r\u00e9gion des Cantons-de-l&#039;est qui vous offre nature et activit\u00e9s. Camping de l&#039;ann\u00e9e en 2018 et certifi\u00e9 en d\u00e9veloppement durable.\" \/>\n<meta property=\"og:url\" content=\"https:\/\/campingaventuremegantic.com\/en\/politique-de-confidentialite\/\" \/>\n<meta property=\"og:site_name\" content=\"Camping Aventure M\u00e9gantic\" \/>\n<meta property=\"article:publisher\" content=\"https:\/\/www.facebook.com\/campaventuremegantic\/\" \/>\n<meta property=\"article:modified_time\" content=\"2024-02-13T01:01:21+00:00\" \/>\n<meta property=\"og:image\" content=\"https:\/\/campingaventuremegantic.com\/wp-content\/uploads\/2018\/11\/sandwich.jpg\" \/>\n\t<meta property=\"og:image:width\" content=\"1500\" \/>\n\t<meta property=\"og:image:height\" content=\"900\" \/>\n\t<meta property=\"og:image:type\" content=\"image\/jpeg\" \/>\n<meta name=\"twitter:card\" content=\"summary_large_image\" \/>\n<meta name=\"twitter:label1\" content=\"Est. reading time\" \/>\n\t<meta name=\"twitter:data1\" content=\"8 minutes\" \/>\n<script type=\"application\/ld+json\" class=\"yoast-schema-graph\">{\"@context\":\"https:\\\/\\\/schema.org\",\"@graph\":[{\"@type\":\"WebPage\",\"@id\":\"https:\\\/\\\/campingaventuremegantic.com\\\/politique-de-confidentialite\\\/\",\"url\":\"https:\\\/\\\/campingaventuremegantic.com\\\/politique-de-confidentialite\\\/\",\"name\":\"Camping Aventure M\u00e9gantic - Politique de confidentialit\u00e9 et de protection des renseignements personnels\",\"isPartOf\":{\"@id\":\"https:\\\/\\\/campingaventuremegantic.com\\\/#website\"},\"primaryImageOfPage\":{\"@id\":\"https:\\\/\\\/campingaventuremegantic.com\\\/politique-de-confidentialite\\\/#primaryimage\"},\"image\":{\"@id\":\"https:\\\/\\\/campingaventuremegantic.com\\\/politique-de-confidentialite\\\/#primaryimage\"},\"thumbnailUrl\":\"https:\\\/\\\/campingaventuremegantic.com\\\/wp-content\\\/uploads\\\/2018\\\/11\\\/sandwich.jpg\",\"datePublished\":\"2023-09-25T02:17:42+00:00\",\"dateModified\":\"2024-02-13T01:01:21+00:00\",\"description\":\"Camping 5 \u00e9toiles dans la r\u00e9gion des Cantons-de-l'est qui vous offre nature et activit\u00e9s. Camping de l'ann\u00e9e en 2018 et certifi\u00e9 en d\u00e9veloppement durable.\",\"breadcrumb\":{\"@id\":\"https:\\\/\\\/campingaventuremegantic.com\\\/politique-de-confidentialite\\\/#breadcrumb\"},\"inLanguage\":\"en-CA\",\"potentialAction\":[{\"@type\":\"ReadAction\",\"target\":[\"https:\\\/\\\/campingaventuremegantic.com\\\/politique-de-confidentialite\\\/\"]}]},{\"@type\":\"ImageObject\",\"inLanguage\":\"en-CA\",\"@id\":\"https:\\\/\\\/campingaventuremegantic.com\\\/politique-de-confidentialite\\\/#primaryimage\",\"url\":\"https:\\\/\\\/campingaventuremegantic.com\\\/wp-content\\\/uploads\\\/2018\\\/11\\\/sandwich.jpg\",\"contentUrl\":\"https:\\\/\\\/campingaventuremegantic.com\\\/wp-content\\\/uploads\\\/2018\\\/11\\\/sandwich.jpg\",\"width\":1500,\"height\":900},{\"@type\":\"BreadcrumbList\",\"@id\":\"https:\\\/\\\/campingaventuremegantic.com\\\/politique-de-confidentialite\\\/#breadcrumb\",\"itemListElement\":[{\"@type\":\"ListItem\",\"position\":1,\"name\":\"Accueil\",\"item\":\"https:\\\/\\\/campingaventuremegantic.com\\\/\"},{\"@type\":\"ListItem\",\"position\":2,\"name\":\"Politique de confidentialit\u00e9 et de protection des renseignements personnels\"}]},{\"@type\":\"WebSite\",\"@id\":\"https:\\\/\\\/campingaventuremegantic.com\\\/#website\",\"url\":\"https:\\\/\\\/campingaventuremegantic.com\\\/\",\"name\":\"Camping Aventure M\u00e9gantic\",\"description\":\"Vivez l&#039;aventure!\",\"publisher\":{\"@id\":\"https:\\\/\\\/campingaventuremegantic.com\\\/#organization\"},\"potentialAction\":[{\"@type\":\"SearchAction\",\"target\":{\"@type\":\"EntryPoint\",\"urlTemplate\":\"https:\\\/\\\/campingaventuremegantic.com\\\/?s={search_term_string}\"},\"query-input\":{\"@type\":\"PropertyValueSpecification\",\"valueRequired\":true,\"valueName\":\"search_term_string\"}}],\"inLanguage\":\"en-CA\"},{\"@type\":\"Organization\",\"@id\":\"https:\\\/\\\/campingaventuremegantic.com\\\/#organization\",\"name\":\"Camping Aventure M\u00e9gantic\",\"url\":\"https:\\\/\\\/campingaventuremegantic.com\\\/\",\"logo\":{\"@type\":\"ImageObject\",\"inLanguage\":\"en-CA\",\"@id\":\"https:\\\/\\\/campingaventuremegantic.com\\\/#\\\/schema\\\/logo\\\/image\\\/\",\"url\":\"https:\\\/\\\/campingaventuremegantic.com\\\/wp-content\\\/uploads\\\/2020\\\/11\\\/Untitled.svg\",\"contentUrl\":\"https:\\\/\\\/campingaventuremegantic.com\\\/wp-content\\\/uploads\\\/2020\\\/11\\\/Untitled.svg\",\"width\":100,\"height\":100,\"caption\":\"Camping Aventure M\u00e9gantic\"},\"image\":{\"@id\":\"https:\\\/\\\/campingaventuremegantic.com\\\/#\\\/schema\\\/logo\\\/image\\\/\"},\"sameAs\":[\"https:\\\/\\\/www.facebook.com\\\/campaventuremegantic\\\/\",\"https:\\\/\\\/www.instagram.com\\\/campingaventuremegantic\\\/\"]}]}<\/script>\n<!-- \/ Yoast SEO plugin. -->","yoast_head_json":{"title":"Camping Aventure M\u00e9gantic - Politique de confidentialit\u00e9 et de protection des renseignements personnels","description":"A 5-star campground in the Eastern Townships region offering nature and activities. Campground of the Year in 2018 and certified for sustainable development.","robots":{"index":"index","follow":"follow","max-snippet":"max-snippet:-1","max-image-preview":"max-image-preview:large","max-video-preview":"max-video-preview:-1"},"canonical":"https:\/\/campingaventuremegantic.com\/en\/politique-de-confidentialite\/","og_locale":"en_US","og_type":"article","og_title":"Camping Aventure M\u00e9gantic - Politique de confidentialit\u00e9 et de protection des renseignements personnels","og_description":"Camping 5 \u00e9toiles dans la r\u00e9gion des Cantons-de-l'est qui vous offre nature et activit\u00e9s. Camping de l'ann\u00e9e en 2018 et certifi\u00e9 en d\u00e9veloppement durable.","og_url":"https:\/\/campingaventuremegantic.com\/en\/politique-de-confidentialite\/","og_site_name":"Camping Aventure M\u00e9gantic","article_publisher":"https:\/\/www.facebook.com\/campaventuremegantic\/","article_modified_time":"2024-02-13T01:01:21+00:00","og_image":[{"width":1500,"height":900,"url":"https:\/\/campingaventuremegantic.com\/wp-content\/uploads\/2018\/11\/sandwich.jpg","type":"image\/jpeg"}],"twitter_card":"summary_large_image","twitter_misc":{"Est. reading time":"8 minutes"},"schema":{"@context":"https:\/\/schema.org","@graph":[{"@type":"WebPage","@id":"https:\/\/campingaventuremegantic.com\/politique-de-confidentialite\/","url":"https:\/\/campingaventuremegantic.com\/politique-de-confidentialite\/","name":"Camping Aventure M\u00e9gantic - Politique de confidentialit\u00e9 et de protection des renseignements personnels","isPartOf":{"@id":"https:\/\/campingaventuremegantic.com\/#website"},"primaryImageOfPage":{"@id":"https:\/\/campingaventuremegantic.com\/politique-de-confidentialite\/#primaryimage"},"image":{"@id":"https:\/\/campingaventuremegantic.com\/politique-de-confidentialite\/#primaryimage"},"thumbnailUrl":"https:\/\/campingaventuremegantic.com\/wp-content\/uploads\/2018\/11\/sandwich.jpg","datePublished":"2023-09-25T02:17:42+00:00","dateModified":"2024-02-13T01:01:21+00:00","description":"A 5-star campground in the Eastern Townships region offering nature and activities. Campground of the Year in 2018 and certified for sustainable development.","breadcrumb":{"@id":"https:\/\/campingaventuremegantic.com\/politique-de-confidentialite\/#breadcrumb"},"inLanguage":"en-CA","potentialAction":[{"@type":"ReadAction","target":["https:\/\/campingaventuremegantic.com\/politique-de-confidentialite\/"]}]},{"@type":"ImageObject","inLanguage":"en-CA","@id":"https:\/\/campingaventuremegantic.com\/politique-de-confidentialite\/#primaryimage","url":"https:\/\/campingaventuremegantic.com\/wp-content\/uploads\/2018\/11\/sandwich.jpg","contentUrl":"https:\/\/campingaventuremegantic.com\/wp-content\/uploads\/2018\/11\/sandwich.jpg","width":1500,"height":900},{"@type":"BreadcrumbList","@id":"https:\/\/campingaventuremegantic.com\/politique-de-confidentialite\/#breadcrumb","itemListElement":[{"@type":"ListItem","position":1,"name":"Accueil","item":"https:\/\/campingaventuremegantic.com\/"},{"@type":"ListItem","position":2,"name":"Politique de confidentialit\u00e9 et de protection des renseignements personnels"}]},{"@type":"WebSite","@id":"https:\/\/campingaventuremegantic.com\/#website","url":"https:\/\/campingaventuremegantic.com\/","name":"Camping Adventure Megantic","description":"Live the adventure!","publisher":{"@id":"https:\/\/campingaventuremegantic.com\/#organization"},"potentialAction":[{"@type":"SearchAction","target":{"@type":"EntryPoint","urlTemplate":"https:\/\/campingaventuremegantic.com\/?s={search_term_string}"},"query-input":{"@type":"PropertyValueSpecification","valueRequired":true,"valueName":"search_term_string"}}],"inLanguage":"en-CA"},{"@type":"Organization","@id":"https:\/\/campingaventuremegantic.com\/#organization","name":"Camping Adventure Megantic","url":"https:\/\/campingaventuremegantic.com\/","logo":{"@type":"ImageObject","inLanguage":"en-CA","@id":"https:\/\/campingaventuremegantic.com\/#\/schema\/logo\/image\/","url":"https:\/\/campingaventuremegantic.com\/wp-content\/uploads\/2020\/11\/Untitled.svg","contentUrl":"https:\/\/campingaventuremegantic.com\/wp-content\/uploads\/2020\/11\/Untitled.svg","width":100,"height":100,"caption":"Camping Aventure M\u00e9gantic"},"image":{"@id":"https:\/\/campingaventuremegantic.com\/#\/schema\/logo\/image\/"},"sameAs":["https:\/\/www.facebook.com\/campaventuremegantic\/","https:\/\/www.instagram.com\/campingaventuremegantic\/"]}]}},"_links":{"self":[{"href":"https:\/\/campingaventuremegantic.com\/en\/wp-json\/wp\/v2\/pages\/8380","targetHints":{"allow":["GET"]}}],"collection":[{"href":"https:\/\/campingaventuremegantic.com\/en\/wp-json\/wp\/v2\/pages"}],"about":[{"href":"https:\/\/campingaventuremegantic.com\/en\/wp-json\/wp\/v2\/types\/page"}],"author":[{"embeddable":true,"href":"https:\/\/campingaventuremegantic.com\/en\/wp-json\/wp\/v2\/users\/1"}],"replies":[{"embeddable":true,"href":"https:\/\/campingaventuremegantic.com\/en\/wp-json\/wp\/v2\/comments?post=8380"}],"version-history":[{"count":0,"href":"https:\/\/campingaventuremegantic.com\/en\/wp-json\/wp\/v2\/pages\/8380\/revisions"}],"wp:featuredmedia":[{"embeddable":true,"href":"https:\/\/campingaventuremegantic.com\/en\/wp-json\/wp\/v2\/media\/7"}],"wp:attachment":[{"href":"https:\/\/campingaventuremegantic.com\/en\/wp-json\/wp\/v2\/media?parent=8380"}],"curies":[{"name":"wp","href":"https:\/\/api.w.org\/{rel}","templated":true}]}}