{"id":8812,"date":"2023-12-20T22:26:31","date_gmt":"2023-12-21T03:26:31","guid":{"rendered":"https:\/\/campingaventuremegantic.com\/?page_id=8812"},"modified":"2023-12-20T22:31:56","modified_gmt":"2023-12-21T03:31:56","slug":"merci","status":"publish","type":"page","link":"https:\/\/campingaventuremegantic.com\/en\/info-saisonnier\/merci\/","title":{"rendered":"Votre demande de saisonnier \u00e0 bien \u00e9t\u00e9 re\u00e7ue"},"content":{"rendered":"<div data-elementor-type=\"wp-post\" data-elementor-id=\"8812\" class=\"elementor elementor-8812\" data-elementor-post-type=\"page\">\n\t\t\t\t\t\t<section data-particle_enable=\"false\" data-particle-mobile-disabled=\"false\" class=\"has_ae_slider elementor-section elementor-top-section elementor-element elementor-element-8ee8459 elementor-section-full_width elementor-section-height-min-height elementor-section-height-default elementor-section-items-middle ae-bg-gallery-type-default\" data-id=\"8ee8459\" data-element_type=\"section\" data-settings=\"{&quot;background_background&quot;:&quot;classic&quot;}\">\n\t\t\t\t\t\t\t<div class=\"elementor-background-overlay\"><\/div>\n\t\t\t\t\t\t\t<div class=\"elementor-container elementor-column-gap-no\">\n\t\t\t\t\t<div class=\"has_ae_slider elementor-column elementor-col-100 elementor-top-column elementor-element elementor-element-4d1497c5 ae-bg-gallery-type-default\" data-id=\"4d1497c5\" data-element_type=\"column\">\n\t\t\t<div class=\"elementor-widget-wrap elementor-element-populated\">\n\t\t\t\t\t\t<div class=\"elementor-element elementor-element-6ee0cd10 elementor-widget elementor-widget-heading\" data-id=\"6ee0cd10\" data-element_type=\"widget\" data-widget_type=\"heading.default\">\n\t\t\t\t<div class=\"elementor-widget-container\">\n\t\t\t\t\t<h1 class=\"elementor-heading-title elementor-size-default\">Thank you !<\/h1>\t\t\t\t<\/div>\n\t\t\t\t<\/div>\n\t\t\t\t<div class=\"elementor-element elementor-element-dc31c84 elementor-widget elementor-widget-text-editor\" data-id=\"dc31c84\" data-element_type=\"widget\" data-widget_type=\"text-editor.default\">\n\t\t\t\t<div class=\"elementor-widget-container\">\n\t\t\t\t\t\t\t\t\t<p><b>Your seasonal request has been well received.<\/b> To help you choose the best place for your stay with us, we will get back to you with more details, availability or questions.<\/p>\t\t\t\t\t\t\t\t<\/div>\n\t\t\t\t<\/div>\n\t\t\t\t<div class=\"elementor-element elementor-element-fd7ace4 elementor-widget elementor-widget-text-editor\" data-id=\"fd7ace4\" data-element_type=\"widget\" data-widget_type=\"text-editor.default\">\n\t\t\t\t<div class=\"elementor-widget-container\">\n\t\t\t\t\t\t\t\t\t<p>\ud83d\udc4d\ud83c\udffb<\/p>\t\t\t\t\t\t\t\t<\/div>\n\t\t\t\t<\/div>\n\t\t\t\t\t<\/div>\n\t\t<\/div>\n\t\t\t\t\t<\/div>\n\t\t<\/section>\n\t\t\t\t<\/div>","protected":false},"excerpt":{"rendered":"Merci ! Votre demande de saisonnier a \u00e9t\u00e9 bien re\u00e7ue. Pour vous aider \u00e0 choisir le meilleur endroit pour votre s\u00e9jour avec nous, nous vous reviendrons avec plus de d\u00e9tails, des disponibilit\u00e9s ou des questions. \ud83d\udc4d\ud83c\udffb","protected":false},"author":1,"featured_media":0,"parent":1367,"menu_order":0,"comment_status":"closed","ping_status":"closed","template":"","meta":{"_acf_changed":false,"footnotes":""},"class_list":["post-8812","page","type-page","status-publish","hentry"],"acf":[],"yoast_head":"<!-- This site is optimized with the Yoast SEO plugin v27.3 - https:\/\/yoast.com\/product\/yoast-seo-wordpress\/ -->\n<title>Votre demande de saisonnier \u00e0 bien \u00e9t\u00e9 re\u00e7ue - Camping Aventure M\u00e9gantic<\/title>\n<meta name=\"robots\" content=\"index, follow, max-snippet:-1, max-image-preview:large, max-video-preview:-1\" \/>\n<link rel=\"canonical\" href=\"https:\/\/campingaventuremegantic.com\/en\/info-saisonnier\/merci\/\" \/>\n<meta property=\"og:locale\" content=\"en_US\" \/>\n<meta property=\"og:type\" content=\"article\" \/>\n<meta property=\"og:title\" content=\"Votre demande de saisonnier \u00e0 bien \u00e9t\u00e9 re\u00e7ue - Camping Aventure M\u00e9gantic\" \/>\n<meta property=\"og:description\" content=\"Merci ! Votre demande de saisonnier a \u00e9t\u00e9 bien re\u00e7ue. Pour vous aider \u00e0 choisir le meilleur endroit pour votre s\u00e9jour avec nous, nous vous reviendrons avec plus de d\u00e9tails, des disponibilit\u00e9s ou des questions. \ud83d\udc4d\ud83c\udffb\" \/>\n<meta property=\"og:url\" content=\"https:\/\/campingaventuremegantic.com\/en\/info-saisonnier\/merci\/\" \/>\n<meta property=\"og:site_name\" content=\"Camping Aventure M\u00e9gantic\" \/>\n<meta property=\"article:publisher\" content=\"https:\/\/www.facebook.com\/campaventuremegantic\/\" \/>\n<meta property=\"article:modified_time\" content=\"2023-12-21T03:31:56+00:00\" \/>\n<meta property=\"og:image\" content=\"https:\/\/campingaventuremegantic.com\/wp-content\/uploads\/2018\/11\/logo.png\" \/>\n\t<meta property=\"og:image:width\" content=\"579\" \/>\n\t<meta property=\"og:image:height\" content=\"193\" \/>\n\t<meta property=\"og:image:type\" content=\"image\/png\" \/>\n<meta name=\"twitter:card\" content=\"summary_large_image\" \/>\n<meta name=\"twitter:label1\" content=\"Est. reading time\" \/>\n\t<meta name=\"twitter:data1\" content=\"1 minute\" \/>\n<script type=\"application\/ld+json\" class=\"yoast-schema-graph\">{\"@context\":\"https:\\\/\\\/schema.org\",\"@graph\":[{\"@type\":\"WebPage\",\"@id\":\"https:\\\/\\\/campingaventuremegantic.com\\\/info-saisonnier\\\/merci\\\/\",\"url\":\"https:\\\/\\\/campingaventuremegantic.com\\\/info-saisonnier\\\/merci\\\/\",\"name\":\"Votre demande de saisonnier \u00e0 bien \u00e9t\u00e9 re\u00e7ue - Camping Aventure M\u00e9gantic\",\"isPartOf\":{\"@id\":\"https:\\\/\\\/campingaventuremegantic.com\\\/#website\"},\"datePublished\":\"2023-12-21T03:26:31+00:00\",\"dateModified\":\"2023-12-21T03:31:56+00:00\",\"breadcrumb\":{\"@id\":\"https:\\\/\\\/campingaventuremegantic.com\\\/info-saisonnier\\\/merci\\\/#breadcrumb\"},\"inLanguage\":\"en-CA\",\"potentialAction\":[{\"@type\":\"ReadAction\",\"target\":[\"https:\\\/\\\/campingaventuremegantic.com\\\/info-saisonnier\\\/merci\\\/\"]}]},{\"@type\":\"BreadcrumbList\",\"@id\":\"https:\\\/\\\/campingaventuremegantic.com\\\/info-saisonnier\\\/merci\\\/#breadcrumb\",\"itemListElement\":[{\"@type\":\"ListItem\",\"position\":1,\"name\":\"Accueil\",\"item\":\"https:\\\/\\\/campingaventuremegantic.com\\\/\"},{\"@type\":\"ListItem\",\"position\":2,\"name\":\"Info saisonnier\",\"item\":\"https:\\\/\\\/campingaventuremegantic.com\\\/info-saisonnier\\\/\"},{\"@type\":\"ListItem\",\"position\":3,\"name\":\"Votre demande de saisonnier \u00e0 bien \u00e9t\u00e9 re\u00e7ue\"}]},{\"@type\":\"WebSite\",\"@id\":\"https:\\\/\\\/campingaventuremegantic.com\\\/#website\",\"url\":\"https:\\\/\\\/campingaventuremegantic.com\\\/\",\"name\":\"Camping Aventure M\u00e9gantic\",\"description\":\"Vivez l&#039;aventure!\",\"publisher\":{\"@id\":\"https:\\\/\\\/campingaventuremegantic.com\\\/#organization\"},\"potentialAction\":[{\"@type\":\"SearchAction\",\"target\":{\"@type\":\"EntryPoint\",\"urlTemplate\":\"https:\\\/\\\/campingaventuremegantic.com\\\/?s={search_term_string}\"},\"query-input\":{\"@type\":\"PropertyValueSpecification\",\"valueRequired\":true,\"valueName\":\"search_term_string\"}}],\"inLanguage\":\"en-CA\"},{\"@type\":\"Organization\",\"@id\":\"https:\\\/\\\/campingaventuremegantic.com\\\/#organization\",\"name\":\"Camping Aventure M\u00e9gantic\",\"url\":\"https:\\\/\\\/campingaventuremegantic.com\\\/\",\"logo\":{\"@type\":\"ImageObject\",\"inLanguage\":\"en-CA\",\"@id\":\"https:\\\/\\\/campingaventuremegantic.com\\\/#\\\/schema\\\/logo\\\/image\\\/\",\"url\":\"https:\\\/\\\/campingaventuremegantic.com\\\/wp-content\\\/uploads\\\/2020\\\/11\\\/Untitled.svg\",\"contentUrl\":\"https:\\\/\\\/campingaventuremegantic.com\\\/wp-content\\\/uploads\\\/2020\\\/11\\\/Untitled.svg\",\"width\":100,\"height\":100,\"caption\":\"Camping Aventure M\u00e9gantic\"},\"image\":{\"@id\":\"https:\\\/\\\/campingaventuremegantic.com\\\/#\\\/schema\\\/logo\\\/image\\\/\"},\"sameAs\":[\"https:\\\/\\\/www.facebook.com\\\/campaventuremegantic\\\/\",\"https:\\\/\\\/www.instagram.com\\\/campingaventuremegantic\\\/\"]}]}<\/script>\n<!-- \/ Yoast SEO plugin. -->","yoast_head_json":{"title":"Votre demande de saisonnier \u00e0 bien \u00e9t\u00e9 re\u00e7ue - Camping Aventure M\u00e9gantic","robots":{"index":"index","follow":"follow","max-snippet":"max-snippet:-1","max-image-preview":"max-image-preview:large","max-video-preview":"max-video-preview:-1"},"canonical":"https:\/\/campingaventuremegantic.com\/en\/info-saisonnier\/merci\/","og_locale":"en_US","og_type":"article","og_title":"Votre demande de saisonnier \u00e0 bien \u00e9t\u00e9 re\u00e7ue - Camping Aventure M\u00e9gantic","og_description":"Merci ! Votre demande de saisonnier a \u00e9t\u00e9 bien re\u00e7ue. Pour vous aider \u00e0 choisir le meilleur endroit pour votre s\u00e9jour avec nous, nous vous reviendrons avec plus de d\u00e9tails, des disponibilit\u00e9s ou des questions. \ud83d\udc4d\ud83c\udffb","og_url":"https:\/\/campingaventuremegantic.com\/en\/info-saisonnier\/merci\/","og_site_name":"Camping Aventure M\u00e9gantic","article_publisher":"https:\/\/www.facebook.com\/campaventuremegantic\/","article_modified_time":"2023-12-21T03:31:56+00:00","og_image":[{"width":579,"height":193,"url":"https:\/\/campingaventuremegantic.com\/wp-content\/uploads\/2018\/11\/logo.png","type":"image\/png"}],"twitter_card":"summary_large_image","twitter_misc":{"Est. reading time":"1 minute"},"schema":{"@context":"https:\/\/schema.org","@graph":[{"@type":"WebPage","@id":"https:\/\/campingaventuremegantic.com\/info-saisonnier\/merci\/","url":"https:\/\/campingaventuremegantic.com\/info-saisonnier\/merci\/","name":"Votre demande de saisonnier \u00e0 bien \u00e9t\u00e9 re\u00e7ue - Camping Aventure M\u00e9gantic","isPartOf":{"@id":"https:\/\/campingaventuremegantic.com\/#website"},"datePublished":"2023-12-21T03:26:31+00:00","dateModified":"2023-12-21T03:31:56+00:00","breadcrumb":{"@id":"https:\/\/campingaventuremegantic.com\/info-saisonnier\/merci\/#breadcrumb"},"inLanguage":"en-CA","potentialAction":[{"@type":"ReadAction","target":["https:\/\/campingaventuremegantic.com\/info-saisonnier\/merci\/"]}]},{"@type":"BreadcrumbList","@id":"https:\/\/campingaventuremegantic.com\/info-saisonnier\/merci\/#breadcrumb","itemListElement":[{"@type":"ListItem","position":1,"name":"Accueil","item":"https:\/\/campingaventuremegantic.com\/"},{"@type":"ListItem","position":2,"name":"Info saisonnier","item":"https:\/\/campingaventuremegantic.com\/info-saisonnier\/"},{"@type":"ListItem","position":3,"name":"Votre demande de saisonnier \u00e0 bien \u00e9t\u00e9 re\u00e7ue"}]},{"@type":"WebSite","@id":"https:\/\/campingaventuremegantic.com\/#website","url":"https:\/\/campingaventuremegantic.com\/","name":"Camping Adventure Megantic","description":"Live the adventure!","publisher":{"@id":"https:\/\/campingaventuremegantic.com\/#organization"},"potentialAction":[{"@type":"SearchAction","target":{"@type":"EntryPoint","urlTemplate":"https:\/\/campingaventuremegantic.com\/?s={search_term_string}"},"query-input":{"@type":"PropertyValueSpecification","valueRequired":true,"valueName":"search_term_string"}}],"inLanguage":"en-CA"},{"@type":"Organization","@id":"https:\/\/campingaventuremegantic.com\/#organization","name":"Camping Adventure Megantic","url":"https:\/\/campingaventuremegantic.com\/","logo":{"@type":"ImageObject","inLanguage":"en-CA","@id":"https:\/\/campingaventuremegantic.com\/#\/schema\/logo\/image\/","url":"https:\/\/campingaventuremegantic.com\/wp-content\/uploads\/2020\/11\/Untitled.svg","contentUrl":"https:\/\/campingaventuremegantic.com\/wp-content\/uploads\/2020\/11\/Untitled.svg","width":100,"height":100,"caption":"Camping Aventure M\u00e9gantic"},"image":{"@id":"https:\/\/campingaventuremegantic.com\/#\/schema\/logo\/image\/"},"sameAs":["https:\/\/www.facebook.com\/campaventuremegantic\/","https:\/\/www.instagram.com\/campingaventuremegantic\/"]}]}},"_links":{"self":[{"href":"https:\/\/campingaventuremegantic.com\/en\/wp-json\/wp\/v2\/pages\/8812","targetHints":{"allow":["GET"]}}],"collection":[{"href":"https:\/\/campingaventuremegantic.com\/en\/wp-json\/wp\/v2\/pages"}],"about":[{"href":"https:\/\/campingaventuremegantic.com\/en\/wp-json\/wp\/v2\/types\/page"}],"author":[{"embeddable":true,"href":"https:\/\/campingaventuremegantic.com\/en\/wp-json\/wp\/v2\/users\/1"}],"replies":[{"embeddable":true,"href":"https:\/\/campingaventuremegantic.com\/en\/wp-json\/wp\/v2\/comments?post=8812"}],"version-history":[{"count":0,"href":"https:\/\/campingaventuremegantic.com\/en\/wp-json\/wp\/v2\/pages\/8812\/revisions"}],"up":[{"embeddable":true,"href":"https:\/\/campingaventuremegantic.com\/en\/wp-json\/wp\/v2\/pages\/1367"}],"wp:attachment":[{"href":"https:\/\/campingaventuremegantic.com\/en\/wp-json\/wp\/v2\/media?parent=8812"}],"curies":[{"name":"wp","href":"https:\/\/api.w.org\/{rel}","templated":true}]}}